{"id":61,"date":"2024-07-29T21:13:36","date_gmt":"2024-07-29T21:13:36","guid":{"rendered":"https:\/\/ccviolenciaeigualdad.com\/?page_id=61"},"modified":"2024-07-30T04:04:22","modified_gmt":"2024-07-30T04:04:22","slug":"politicas-de-cookies","status":"publish","type":"page","link":"https:\/\/ccviolenciaeigualdad.com\/it\/politicas-de-cookies\/","title":{"rendered":"Pol\u00edticas de Cookies"},"content":{"rendered":"<div data-elementor-type=\"wp-page\" data-elementor-id=\"61\" class=\"elementor elementor-61\" data-elementor-post-type=\"page\">\n\t\t\t\t<div class=\"elementor-element elementor-element-1d1e97b e-flex e-con-boxed e-con e-parent\" data-id=\"1d1e97b\" data-element_type=\"container\" data-settings=\"{&quot;background_background&quot;:&quot;classic&quot;}\">\n\t\t\t\t\t<div class=\"e-con-inner\">\n\t\t\t\t<div class=\"elementor-element elementor-element-fd1b9d2 elementor-widget elementor-widget-heading\" data-id=\"fd1b9d2\" data-element_type=\"widget\" data-widget_type=\"heading.default\">\n\t\t\t\t<div class=\"elementor-widget-container\">\n\t\t\t\t\t<h1 class=\"elementor-heading-title elementor-size-default\">Informativa sui cookie<\/h1>\t\t\t\t<\/div>\n\t\t\t\t<\/div>\n\t\t\t\t\t<\/div>\n\t\t\t\t<\/div>\n\t\t<div class=\"elementor-element elementor-element-d083e25 e-flex e-con-boxed e-con e-parent\" data-id=\"d083e25\" data-element_type=\"container\">\n\t\t\t\t\t<div class=\"e-con-inner\">\n\t\t<div class=\"elementor-element elementor-element-53719df e-con-full e-flex e-con e-child\" data-id=\"53719df\" data-element_type=\"container\">\n\t\t<div class=\"elementor-element elementor-element-d7f640a e-con-full e-flex e-con e-child\" data-id=\"d7f640a\" data-element_type=\"container\" data-settings=\"{&quot;sticky&quot;:&quot;top&quot;,&quot;sticky_parent&quot;:&quot;yes&quot;,&quot;sticky_offset&quot;:150,&quot;sticky_on&quot;:[&quot;desktop&quot;,&quot;tablet&quot;,&quot;mobile&quot;],&quot;sticky_effects_offset&quot;:0,&quot;sticky_anchor_link_offset&quot;:0}\">\n\t\t\t\t<div class=\"elementor-element elementor-element-708fc5e elementor-widget elementor-widget-heading\" data-id=\"708fc5e\" data-element_type=\"widget\" data-widget_type=\"heading.default\">\n\t\t\t\t<div class=\"elementor-widget-container\">\n\t\t\t\t\t<div class=\"elementor-heading-title elementor-size-default\"><a href=\"https:\/\/ccviolenciaeigualdad.com\/it\/aviso-legal\/\">Avviso legale<\/a><\/div>\t\t\t\t<\/div>\n\t\t\t\t<\/div>\n\t\t\t\t<div class=\"elementor-element elementor-element-863d724 elementor-widget elementor-widget-heading\" data-id=\"863d724\" data-element_type=\"widget\" data-widget_type=\"heading.default\">\n\t\t\t\t<div class=\"elementor-widget-container\">\n\t\t\t\t\t<div class=\"elementor-heading-title elementor-size-default\"><a href=\"https:\/\/ccviolenciaeigualdad.com\/it\/politica-de-privacidad\/\">politica sulla riservatezza<\/a><\/div>\t\t\t\t<\/div>\n\t\t\t\t<\/div>\n\t\t\t\t<div class=\"elementor-element elementor-element-c47da86 elementor-widget elementor-widget-heading\" data-id=\"c47da86\" data-element_type=\"widget\" data-widget_type=\"heading.default\">\n\t\t\t\t<div class=\"elementor-widget-container\">\n\t\t\t\t\t<div class=\"elementor-heading-title elementor-size-default\">Informativa sui cookie<\/div>\t\t\t\t<\/div>\n\t\t\t\t<\/div>\n\t\t\t\t<div class=\"elementor-element elementor-element-9b5643b elementor-widget elementor-widget-heading\" data-id=\"9b5643b\" data-element_type=\"widget\" data-widget_type=\"heading.default\">\n\t\t\t\t<div class=\"elementor-widget-container\">\n\t\t\t\t\t<div class=\"elementor-heading-title elementor-size-default\"><a href=\"https:\/\/ccviolenciaeigualdad.com\/it\/declaracion-de-accesibilidad\/\">Dichiarazione di accessibilit\u00e0<\/a><\/div>\t\t\t\t<\/div>\n\t\t\t\t<\/div>\n\t\t\t\t<\/div>\n\t\t\t\t<\/div>\n\t\t<div class=\"elementor-element elementor-element-dc75627 e-flex e-con-boxed e-con e-child\" data-id=\"dc75627\" data-element_type=\"container\">\n\t\t\t\t\t<div class=\"e-con-inner\">\n\t\t\t\t<div class=\"elementor-element elementor-element-ae14ec8 elementor-widget elementor-widget-text-editor\" data-id=\"ae14ec8\" data-element_type=\"widget\" data-widget_type=\"text-editor.default\">\n\t\t\t\t<div class=\"elementor-widget-container\">\n\t\t\t\t\t\t\t\t\t<h2 class=\"wp-block-heading\">Sezione 1<\/h2><p>UN\u00a0<em>biscotto<\/em>\u00a0I cookie sono piccoli file di testo memorizzati nel browser quando si visita quasi tutti i siti web. Vengono utilizzati per ricordare la visita quando si torna sul sito web. I cookie in genere memorizzano informazioni tecniche, preferenze personali, personalizzazione dei contenuti, statistiche di utilizzo, link ai social media, accesso all&#039;account utente, ecc. Lo scopo dei cookie \u00e8 quello di adattare i contenuti del sito web al profilo e alle esigenze dell&#039;utente. Senza i cookie, i servizi offerti da qualsiasi sito web sarebbero notevolmente ridotti. Per maggiori informazioni su cosa sono i cookie, cosa memorizzano, come eliminarli o disattivarli, ecc., visitare questo link. (Sezione 2)<\/p><h3 class=\"wp-block-heading\">Cookie utilizzati su questo sito web<\/h3><p>Seguendo le linee guida dell&#039;Agenzia spagnola per la protezione dei dati, descriviamo in dettaglio l&#039;uso dei cookie su questo sito web per fornirti le informazioni pi\u00f9 precise possibili.<\/p><h3 class=\"wp-block-heading\">Questo sito web utilizza i propri cookie:<\/h3><p>Cookie di sessione, per garantire che gli utenti che commentano sul tuo blog siano umani e non applicazioni automatizzate. Questo aiuta a combattere lo spam.<\/p><h3 class=\"wp-block-heading\">Questo sito web utilizza i seguenti cookie di terze parti:<\/h3><p>Google Analytics: memorizza i cookie per compilare statistiche sul traffico e sul numero di visite a questo sito web. Utilizzando questo sito web, acconsenti al trattamento dei tuoi dati da parte di Google. Pertanto, se eserciti eventuali diritti in merito, devi contattare direttamente Google.<\/p><p>Social network: ogni social network utilizza i propri cookie, cos\u00ec puoi cliccare sui pulsanti Mi piace o Condividi.<\/p><ul><li>YouTube<\/li><li>Cinguettio<\/li><li>Facebook<\/li><\/ul><p>\u00c8 anche possibile che quando visiti un sito web o apri un&#039;e-mail che pubblica un annuncio o una promozione sui nostri servizi o prodotti, un cookie venga installato nel tuo browser. Questo cookie viene utilizzato per visualizzare successivamente annunci pubblicitari correlati alla ricerca effettuata e per monitorare i nostri annunci in relazione, ad esempio, al numero di volte in cui vengono visualizzati, dove vengono visualizzati, a che ora vengono visualizzati, ecc.<\/p><h3 class=\"wp-block-heading\">Disabilitazione o eliminazione dei cookie<\/h3><p>Puoi esercitare il tuo diritto di disabilitare o cancellare i cookie da questo sito web in qualsiasi momento. Queste azioni vengono eseguite in modo diverso a seconda del browser utilizzato. Ecco una guida rapida per i browser pi\u00f9 diffusi. (Sezione 3)<\/p><h3 class=\"wp-block-heading\">Note aggiuntive<\/h3><p>N\u00e9 questo sito web n\u00e9 i suoi rappresentanti legali sono responsabili del contenuto o della veridicit\u00e0 delle informative sulla privacy che le terze parti menzionate nella presente politica sui cookie potrebbero avere.<\/p><p>I browser web sono gli strumenti responsabili della memorizzazione dei cookie e da questo sito \u00e8 possibile accedere all&#039;opzione per eliminarli o disabilitarli. N\u00e9 questo sito web n\u00e9 i suoi rappresentanti legali possono garantire la corretta o errata gestione dei cookie da parte di questi browser.<\/p><p>In alcuni casi \u00e8 necessario installare i cookie affinch\u00e9 il browser non dimentichi la tua decisione di non accettarli.<\/p><p>Nel caso dei cookie di Google Analytics, questa azienda memorizza i cookie su server situati negli Stati Uniti e si impegna a non condividerli con terze parti, salvo nei casi in cui sia necessario per il funzionamento del sistema o quando richiesto dalla legge. Google Inc. \u00e8 una societ\u00e0 che rispetta la\u00a0<a href=\"https:\/\/www.privacyshield.gov\/list\" target=\"_blank\" rel=\"noreferrer noopener\">Scudo per la privacy<\/a>\u00a0, che garantisce che tutti i dati trasferiti saranno trattati con un livello di protezione conforme alle normative europee. Informazioni dettagliate sono disponibili all&#039;indirizzo\u00a0<a href=\"https:\/\/www.privacyshield.gov\/welcome\" target=\"_blank\" rel=\"noreferrer noopener\">questo collegamento<\/a>\u00a0(1). Se desideri informazioni su come Google Analytics utilizza i cookie, alleghiamo\u00a0<a href=\"https:\/\/developers.google.com\/analytics\/devguides\/collection\/analyticsjs\/cookie-usage?hl=es&amp;csw=1\" target=\"_blank\" rel=\"noreferrer noopener\">quest&#039;altro link<\/a>\u00a0(2)<\/p><p>In caso di domande o dubbi sulla presente politica sui cookie, non esitate a contattarci tramite la sezione contatti.<\/p><h2 class=\"wp-block-heading\">Sezione 2<\/h2><p>Ulteriori informazioni sui cookie<\/p><h3 class=\"wp-block-heading\">Che cosa \u00e8 un cookie?<\/h3><p>Un cookie \u00e8 un file di testo innocuo che viene memorizzato nel browser quando si visita quasi tutti i siti web. Lo scopo dei cookie \u00e8 consentire al sito web di ricordare la visita quando si torna a quella pagina. Sebbene molti non lo sappiano, i cookie vengono utilizzati da 20 anni, da quando sono comparsi i primi browser per il World Wide Web.<\/p><h3 class=\"wp-block-heading\">Cosa NON \u00e8 un cookie?<\/h3><p>Non \u00e8 un virus, un trojan, un worm, uno spam, uno spyware o una finestra pop-up.<\/p><h3 class=\"wp-block-heading\">Quali informazioni memorizza un cookie?<\/h3><p>Di solito i cookie non memorizzano informazioni sensibili su di te, come dati della carta di credito o bancari, fotografie, il tuo documento d&#039;identit\u00e0 o informazioni personali, ecc. I dati che memorizzano sono di natura tecnica, preferenze personali, personalizzazione dei contenuti, ecc.<\/p><p>Il server web non ti associa come persona, ma piuttosto al tuo browser web. Infatti, se normalmente navighi con Internet Explorer e provi a visitare lo stesso sito web con Firefox o Chrome, scoprirai che il sito web non riconosce che sei la stessa persona perch\u00e9 in realt\u00e0 sta associando il browser, non la persona.<\/p><h3 class=\"wp-block-heading\">Quali tipi di cookie esistono?<\/h3><p><strong>Cookie tecnici<\/strong>\u00a0: Sono i pi\u00f9 basilari e permettono, tra le altre cose, di sapere quando sta navigando un essere umano o un&#039;applicazione automatizzata, quando sta navigando un utente anonimo e un utente registrato, attivit\u00e0 di base per il funzionamento di qualsiasi sito web dinamico.<\/p><p><strong>Cookie analitici<\/strong>\u00a0: Raccolgono informazioni sul tipo di navigazione che stai effettuando, le sezioni che utilizzi pi\u00f9 spesso, i prodotti visualizzati, il fuso orario di utilizzo, la lingua, ecc.<\/p><p><strong>Cookie pubblicitari<\/strong>\u00a0: Mostrano pubblicit\u00e0 in base alla tua navigazione, al tuo paese di origine, alla lingua, ecc.<\/p><h3 class=\"wp-block-heading\">Cosa sono i cookie proprietari e di terze parti?<\/h3><p>I cookie proprietari sono generati dal sito web che stai visitando, mentre i cookie di terze parti sono generati da servizi o fornitori esterni come Facebook, Twitter, Google, ecc.<\/p><h3 class=\"wp-block-heading\">Cosa succede se si disabilitano i cookie?<\/h3><p>Per aiutarti a comprendere le potenziali implicazioni della disabilitazione dei cookie, ecco alcuni esempi:<\/p><p>Non \u00e8 consentito condividere i contenuti di questo sito web su Facebook, Twitter o altri social network.<\/p><p>Il sito web non sar\u00e0 in grado di adattare il suo contenuto alle tue preferenze personali, come spesso accade con i negozi online.<\/p><p>Non potrai accedere all&#039;area personale di questo sito web, come Il mio account, Il mio profilo o I miei ordini.<\/p><p>Negozi online: non sar\u00e0 possibile effettuare acquisti online; gli acquisti dovranno essere effettuati telefonicamente o recandosi in un negozio fisico, se disponibile.<\/p><p>Non sar\u00e0 possibile personalizzare le preferenze geografiche, come fuso orario, valuta o lingua.<\/p><p>Il sito web non sar\u00e0 in grado di eseguire analisi web sui visitatori e sul traffico web, il che render\u00e0 difficile per il sito web essere competitivo.<\/p><p>Non potrai scrivere sul blog, caricare foto, pubblicare commenti, valutare o dare un voto ai contenuti. Il sito web non sar\u00e0 inoltre in grado di stabilire se sei un essere umano o un&#039;applicazione automatizzata che pubblica spam.<\/p><p>Non verranno visualizzati annunci pubblicitari mirati, il che ridurr\u00e0 i ricavi pubblicitari del sito web.<\/p><p>Tutti i social network utilizzano i cookie, se li disabiliti non potrai utilizzare nessun social network.<\/p><h3 class=\"wp-block-heading\">\u00c8 possibile eliminare i cookie?<\/h3><p>S\u00ec. Non solo eliminare, ma anche bloccare, in generale o specificamente per un dominio specifico.<\/p><p>Per eliminare i cookie da un sito web, accedi alle impostazioni del tuo browser. L\u00ec puoi cercare i cookie associati al dominio in questione ed eliminarli.<\/p><h2 class=\"wp-block-heading\">Sezione 3<\/h2><h3 class=\"wp-block-heading\">Impostazioni dei cookie per i browser pi\u00f9 diffusi<\/h3><p>Ecco come accedere a uno specifico cookie del browser:\u00a0<strong>Cromo<\/strong>\u00a0.<br \/>Nota: questi passaggi potrebbero variare a seconda della versione del browser:<\/p><ul><li>Vai su Impostazioni o Preferenze tramite il menu File o cliccando sull&#039;icona Personalizzazione nell&#039;angolo in alto a destra.<\/li><li>Vedrai diverse sezioni, clicca sull&#039;opzione Mostra opzioni avanzate.<\/li><li>Vai su Privacy, Impostazioni contenuti.<\/li><li>Seleziona Tutti i cookie e i dati del sito.<\/li><\/ul><p>Apparir\u00e0 un elenco di tutti i cookie, ordinati per dominio. Per facilitare la ricerca dei cookie di un dominio specifico, inserisci parte o tutto l&#039;indirizzo nel campo Cerca cookie.<\/p><p>Dopo aver applicato questo filtro, sullo schermo appariranno una o pi\u00f9 righe con i cookie del sito web richiesto. Ora basta selezionarlo e premere il pulsante Xper per eliminarlo.<\/p><p>Per accedere alle impostazioni dei cookie del tuo browser\u00a0<strong>Firefox<\/strong>\u00a0segui questi passaggi (possono variare a seconda della versione del browser):<\/p><ul><li>A seconda del sistema operativo in uso, andare su Opzioni o Preferenze.<\/li><li>Fare clic su Privacy.<\/li><li>In Cronologia, seleziona Utilizza impostazioni personalizzate per la cronologia.<\/li><li>Ora vedrai l&#039;opzione Accetta cookie, che puoi abilitare o disabilitare in base alle tue preferenze.<\/li><\/ul><p>Per accedere alle impostazioni dei cookie del tuo browser\u00a0<strong>Safari<\/strong>\u00a0Per OSX segui questi passaggi (possono variare a seconda della versione del browser):<\/p><ul><li>Vai su Preferenze, poi su Privacy.<\/li><li>Su questo sito vedrai l&#039;opzione Blocca cookie, cos\u00ec potrai impostare il tipo di blocco che desideri eseguire.<\/li><\/ul><p>Per accedere alle impostazioni dei cookie del tuo browser\u00a0<strong>Safari per iOS<\/strong>\u00a0segui questi passaggi (possono variare a seconda della versione del browser):<\/p><ul><li>Vai su Impostazioni, poi Safari.<\/li><li>Vai su Privacy e sicurezza e vedrai l&#039;opzione Blocca cookie, cos\u00ec potrai regolare il tipo di blocco che desideri.<\/li><\/ul><p>Per accedere alle impostazioni dei cookie del browser per i dispositivi\u00a0<strong>Android<\/strong>\u00a0segui questi passaggi (possono variare a seconda della versione del browser):<\/p><ul><li>Avvia il browser e premi il tasto Menu, quindi Impostazioni.<\/li><li>Vai su Sicurezza e Privacy, vedrai l&#039;opzione Accetta cookie, quindi puoi selezionare o deselezionare la casella.<\/li><\/ul><p>Per accedere alle impostazioni dei cookie del browser per i dispositivi\u00a0<strong>Windows Phone<\/strong>\u00a0segui questi passaggi (possono variare a seconda della versione del browser):<\/p><p>Apri il browser, poi Altro, poi Impostazioni.<br \/>Ora puoi selezionare o deselezionare la casella Consenti cookie.<\/p>\t\t\t\t\t\t\t\t<\/div>\n\t\t\t\t<\/div>\n\t\t\t\t\t<\/div>\n\t\t\t\t<\/div>\n\t\t\t\t\t<\/div>\n\t\t\t\t<\/div>\n\t\t\t\t<\/div>","protected":false},"excerpt":{"rendered":"<p>Pol\u00edtica de Cookies Aviso Legal Pol\u00edtica de Privacidad Pol\u00edtica de Cookies Declaraci\u00f3n de Accesibilidad Apartado 1 Una\u00a0cookie\u00a0es un peque\u00f1o archivo de texto que se almacena en su navegador cuando visita casi cualquier p\u00e1gina web.\u00a0Su utilidad es que la web sea capaz de recordar su visita cuando vuelva a navegar por esta p\u00e1gina.\u00a0Las cookies suelen almacenar [&hellip;]<\/p>","protected":false},"author":2,"featured_media":0,"parent":0,"menu_order":0,"comment_status":"closed","ping_status":"closed","template":"","meta":{"footnotes":""},"class_list":["post-61","page","type-page","status-publish","hentry"],"yoast_head":"<!-- This site is optimized with the Yoast SEO plugin v26.3 - https:\/\/yoast.com\/wordpress\/plugins\/seo\/ -->\n<title>Pol\u00edticas de Cookies - Claudia Cruzado<\/title>\n<meta name=\"robots\" content=\"index, follow, max-snippet:-1, max-image-preview:large, max-video-preview:-1\" \/>\n<link rel=\"canonical\" href=\"https:\/\/ccviolenciaeigualdad.com\/it\/politicas-de-cookies\/\" \/>\n<meta property=\"og:locale\" content=\"it_IT\" \/>\n<meta property=\"og:type\" content=\"article\" \/>\n<meta property=\"og:title\" content=\"Pol\u00edticas de Cookies - Claudia Cruzado\" \/>\n<meta property=\"og:description\" content=\"Pol\u00edtica de Cookies Aviso Legal Pol\u00edtica de Privacidad Pol\u00edtica de Cookies Declaraci\u00f3n de Accesibilidad Apartado 1 Una\u00a0cookie\u00a0es un peque\u00f1o archivo de texto que se almacena en su navegador cuando visita casi cualquier p\u00e1gina web.\u00a0Su utilidad es que la web sea capaz de recordar su visita cuando vuelva a navegar por esta p\u00e1gina.\u00a0Las cookies suelen almacenar [&hellip;]\" \/>\n<meta property=\"og:url\" content=\"https:\/\/ccviolenciaeigualdad.com\/it\/politicas-de-cookies\/\" \/>\n<meta property=\"og:site_name\" content=\"Claudia Cruzado\" \/>\n<meta property=\"article:modified_time\" content=\"2024-07-30T04:04:22+00:00\" \/>\n<meta name=\"twitter:card\" content=\"summary_large_image\" \/>\n<meta name=\"twitter:label1\" content=\"Tempo di lettura stimato\" \/>\n\t<meta name=\"twitter:data1\" content=\"9 minuti\" \/>\n<script type=\"application\/ld+json\" class=\"yoast-schema-graph\">{\"@context\":\"https:\/\/schema.org\",\"@graph\":[{\"@type\":\"WebPage\",\"@id\":\"https:\/\/ccviolenciaeigualdad.com\/politicas-de-cookies\/\",\"url\":\"https:\/\/ccviolenciaeigualdad.com\/politicas-de-cookies\/\",\"name\":\"Pol\u00edticas de Cookies - Claudia Cruzado\",\"isPartOf\":{\"@id\":\"https:\/\/ccviolenciaeigualdad.com\/#website\"},\"datePublished\":\"2024-07-29T21:13:36+00:00\",\"dateModified\":\"2024-07-30T04:04:22+00:00\",\"breadcrumb\":{\"@id\":\"https:\/\/ccviolenciaeigualdad.com\/politicas-de-cookies\/#breadcrumb\"},\"inLanguage\":\"it-IT\",\"potentialAction\":[{\"@type\":\"ReadAction\",\"target\":[\"https:\/\/ccviolenciaeigualdad.com\/politicas-de-cookies\/\"]}]},{\"@type\":\"BreadcrumbList\",\"@id\":\"https:\/\/ccviolenciaeigualdad.com\/politicas-de-cookies\/#breadcrumb\",\"itemListElement\":[{\"@type\":\"ListItem\",\"position\":1,\"name\":\"Home\",\"item\":\"https:\/\/ccviolenciaeigualdad.com\/\"},{\"@type\":\"ListItem\",\"position\":2,\"name\":\"Pol\u00edticas de Cookies\"}]},{\"@type\":\"WebSite\",\"@id\":\"https:\/\/ccviolenciaeigualdad.com\/#website\",\"url\":\"https:\/\/ccviolenciaeigualdad.com\/\",\"name\":\"Claudia Cruzado\",\"description\":\"Consultora especializada en igualdad, violencia de g\u00e9nero y acoso laboral\",\"publisher\":{\"@id\":\"https:\/\/ccviolenciaeigualdad.com\/#organization\"},\"potentialAction\":[{\"@type\":\"SearchAction\",\"target\":{\"@type\":\"EntryPoint\",\"urlTemplate\":\"https:\/\/ccviolenciaeigualdad.com\/?s={search_term_string}\"},\"query-input\":{\"@type\":\"PropertyValueSpecification\",\"valueRequired\":true,\"valueName\":\"search_term_string\"}}],\"inLanguage\":\"it-IT\"},{\"@type\":\"Organization\",\"@id\":\"https:\/\/ccviolenciaeigualdad.com\/#organization\",\"name\":\"Claudia Cruzado\",\"url\":\"https:\/\/ccviolenciaeigualdad.com\/\",\"logo\":{\"@type\":\"ImageObject\",\"inLanguage\":\"it-IT\",\"@id\":\"https:\/\/ccviolenciaeigualdad.com\/#\/schema\/logo\/image\/\",\"url\":\"https:\/\/ccviolenciaeigualdad.com\/wp-content\/uploads\/2025\/10\/cropped-logo-fondo-claudia-cruzado-1-1.png\",\"contentUrl\":\"https:\/\/ccviolenciaeigualdad.com\/wp-content\/uploads\/2025\/10\/cropped-logo-fondo-claudia-cruzado-1-1.png\",\"width\":1080,\"height\":373,\"caption\":\"Claudia Cruzado\"},\"image\":{\"@id\":\"https:\/\/ccviolenciaeigualdad.com\/#\/schema\/logo\/image\/\"}}]}<\/script>\n<!-- \/ Yoast SEO plugin. -->","yoast_head_json":{"title":"Pol\u00edticas de Cookies - Claudia Cruzado","robots":{"index":"index","follow":"follow","max-snippet":"max-snippet:-1","max-image-preview":"max-image-preview:large","max-video-preview":"max-video-preview:-1"},"canonical":"https:\/\/ccviolenciaeigualdad.com\/it\/politicas-de-cookies\/","og_locale":"it_IT","og_type":"article","og_title":"Pol\u00edticas de Cookies - Claudia Cruzado","og_description":"Pol\u00edtica de Cookies Aviso Legal Pol\u00edtica de Privacidad Pol\u00edtica de Cookies Declaraci\u00f3n de Accesibilidad Apartado 1 Una\u00a0cookie\u00a0es un peque\u00f1o archivo de texto que se almacena en su navegador cuando visita casi cualquier p\u00e1gina web.\u00a0Su utilidad es que la web sea capaz de recordar su visita cuando vuelva a navegar por esta p\u00e1gina.\u00a0Las cookies suelen almacenar [&hellip;]","og_url":"https:\/\/ccviolenciaeigualdad.com\/it\/politicas-de-cookies\/","og_site_name":"Claudia Cruzado","article_modified_time":"2024-07-30T04:04:22+00:00","twitter_card":"summary_large_image","twitter_misc":{"Tempo di lettura stimato":"9 minuti"},"schema":{"@context":"https:\/\/schema.org","@graph":[{"@type":"WebPage","@id":"https:\/\/ccviolenciaeigualdad.com\/politicas-de-cookies\/","url":"https:\/\/ccviolenciaeigualdad.com\/politicas-de-cookies\/","name":"Pol\u00edticas de Cookies - Claudia Cruzado","isPartOf":{"@id":"https:\/\/ccviolenciaeigualdad.com\/#website"},"datePublished":"2024-07-29T21:13:36+00:00","dateModified":"2024-07-30T04:04:22+00:00","breadcrumb":{"@id":"https:\/\/ccviolenciaeigualdad.com\/politicas-de-cookies\/#breadcrumb"},"inLanguage":"it-IT","potentialAction":[{"@type":"ReadAction","target":["https:\/\/ccviolenciaeigualdad.com\/politicas-de-cookies\/"]}]},{"@type":"BreadcrumbList","@id":"https:\/\/ccviolenciaeigualdad.com\/politicas-de-cookies\/#breadcrumb","itemListElement":[{"@type":"ListItem","position":1,"name":"Home","item":"https:\/\/ccviolenciaeigualdad.com\/"},{"@type":"ListItem","position":2,"name":"Pol\u00edticas de Cookies"}]},{"@type":"WebSite","@id":"https:\/\/ccviolenciaeigualdad.com\/#website","url":"https:\/\/ccviolenciaeigualdad.com\/","name":"Claudia Cruzado","description":"Consulente specializzato in parit\u00e0, violenza di genere e molestie sul posto di lavoro","publisher":{"@id":"https:\/\/ccviolenciaeigualdad.com\/#organization"},"potentialAction":[{"@type":"SearchAction","target":{"@type":"EntryPoint","urlTemplate":"https:\/\/ccviolenciaeigualdad.com\/?s={search_term_string}"},"query-input":{"@type":"PropertyValueSpecification","valueRequired":true,"valueName":"search_term_string"}}],"inLanguage":"it-IT"},{"@type":"Organization","@id":"https:\/\/ccviolenciaeigualdad.com\/#organization","name":"Claudia Cruzado","url":"https:\/\/ccviolenciaeigualdad.com\/","logo":{"@type":"ImageObject","inLanguage":"it-IT","@id":"https:\/\/ccviolenciaeigualdad.com\/#\/schema\/logo\/image\/","url":"https:\/\/ccviolenciaeigualdad.com\/wp-content\/uploads\/2025\/10\/cropped-logo-fondo-claudia-cruzado-1-1.png","contentUrl":"https:\/\/ccviolenciaeigualdad.com\/wp-content\/uploads\/2025\/10\/cropped-logo-fondo-claudia-cruzado-1-1.png","width":1080,"height":373,"caption":"Claudia Cruzado"},"image":{"@id":"https:\/\/ccviolenciaeigualdad.com\/#\/schema\/logo\/image\/"}}]}},"_links":{"self":[{"href":"https:\/\/ccviolenciaeigualdad.com\/it\/wp-json\/wp\/v2\/pages\/61","targetHints":{"allow":["GET"]}}],"collection":[{"href":"https:\/\/ccviolenciaeigualdad.com\/it\/wp-json\/wp\/v2\/pages"}],"about":[{"href":"https:\/\/ccviolenciaeigualdad.com\/it\/wp-json\/wp\/v2\/types\/page"}],"author":[{"embeddable":true,"href":"https:\/\/ccviolenciaeigualdad.com\/it\/wp-json\/wp\/v2\/users\/2"}],"replies":[{"embeddable":true,"href":"https:\/\/ccviolenciaeigualdad.com\/it\/wp-json\/wp\/v2\/comments?post=61"}],"version-history":[{"count":4,"href":"https:\/\/ccviolenciaeigualdad.com\/it\/wp-json\/wp\/v2\/pages\/61\/revisions"}],"predecessor-version":[{"id":217,"href":"https:\/\/ccviolenciaeigualdad.com\/it\/wp-json\/wp\/v2\/pages\/61\/revisions\/217"}],"wp:attachment":[{"href":"https:\/\/ccviolenciaeigualdad.com\/it\/wp-json\/wp\/v2\/media?parent=61"}],"curies":[{"name":"parola chiave","href":"https:\/\/api.w.org\/{rel}","templated":true}]}}