{"id":59,"date":"2024-07-29T21:13:17","date_gmt":"2024-07-29T21:13:17","guid":{"rendered":"https:\/\/ccviolenciaeigualdad.com\/?page_id=59"},"modified":"2024-07-30T04:08:36","modified_gmt":"2024-07-30T04:08:36","slug":"politica-de-privacidad","status":"publish","type":"page","link":"https:\/\/ccviolenciaeigualdad.com\/it\/politica-de-privacidad\/","title":{"rendered":"politica sulla riservatezza"},"content":{"rendered":"<div data-elementor-type=\"wp-page\" data-elementor-id=\"59\" class=\"elementor elementor-59\" data-elementor-post-type=\"page\">\n\t\t\t\t<div class=\"elementor-element elementor-element-3117b168 e-flex e-con-boxed e-con e-parent\" data-id=\"3117b168\" data-element_type=\"container\" data-settings=\"{&quot;background_background&quot;:&quot;classic&quot;}\">\n\t\t\t\t\t<div class=\"e-con-inner\">\n\t\t\t\t<div class=\"elementor-element elementor-element-48835538 elementor-widget elementor-widget-heading\" data-id=\"48835538\" data-element_type=\"widget\" data-widget_type=\"heading.default\">\n\t\t\t\t<div class=\"elementor-widget-container\">\n\t\t\t\t\t<h1 class=\"elementor-heading-title elementor-size-default\">politica sulla riservatezza<\/h1>\t\t\t\t<\/div>\n\t\t\t\t<\/div>\n\t\t\t\t\t<\/div>\n\t\t\t\t<\/div>\n\t\t<div class=\"elementor-element elementor-element-17e1dcb4 e-flex e-con-boxed e-con e-parent\" data-id=\"17e1dcb4\" data-element_type=\"container\">\n\t\t\t\t\t<div class=\"e-con-inner\">\n\t\t<div class=\"elementor-element elementor-element-5255ebc5 e-con-full e-flex e-con e-child\" data-id=\"5255ebc5\" data-element_type=\"container\">\n\t\t<div class=\"elementor-element elementor-element-654973bd e-con-full e-flex e-con e-child\" data-id=\"654973bd\" data-element_type=\"container\" data-settings=\"{&quot;sticky&quot;:&quot;top&quot;,&quot;sticky_parent&quot;:&quot;yes&quot;,&quot;sticky_offset&quot;:150,&quot;sticky_on&quot;:[&quot;desktop&quot;,&quot;tablet&quot;,&quot;mobile&quot;],&quot;sticky_effects_offset&quot;:0,&quot;sticky_anchor_link_offset&quot;:0}\">\n\t\t\t\t<div class=\"elementor-element elementor-element-1e5a956d elementor-widget elementor-widget-heading\" data-id=\"1e5a956d\" data-element_type=\"widget\" data-widget_type=\"heading.default\">\n\t\t\t\t<div class=\"elementor-widget-container\">\n\t\t\t\t\t<div class=\"elementor-heading-title elementor-size-default\"><a href=\"https:\/\/ccviolenciaeigualdad.com\/it\/aviso-legal\/\">Avviso legale<\/a><\/div>\t\t\t\t<\/div>\n\t\t\t\t<\/div>\n\t\t\t\t<div class=\"elementor-element elementor-element-4a79ffec elementor-widget elementor-widget-heading\" data-id=\"4a79ffec\" data-element_type=\"widget\" data-widget_type=\"heading.default\">\n\t\t\t\t<div class=\"elementor-widget-container\">\n\t\t\t\t\t<div class=\"elementor-heading-title elementor-size-default\">politica sulla riservatezza<\/div>\t\t\t\t<\/div>\n\t\t\t\t<\/div>\n\t\t\t\t<div class=\"elementor-element elementor-element-5076e0f7 elementor-widget elementor-widget-heading\" data-id=\"5076e0f7\" data-element_type=\"widget\" data-widget_type=\"heading.default\">\n\t\t\t\t<div class=\"elementor-widget-container\">\n\t\t\t\t\t<div class=\"elementor-heading-title elementor-size-default\"><a href=\"https:\/\/ccviolenciaeigualdad.com\/it\/politicas-de-cookies\/\">Informativa sui cookie<\/a><\/div>\t\t\t\t<\/div>\n\t\t\t\t<\/div>\n\t\t\t\t<div class=\"elementor-element elementor-element-317c7fac elementor-widget elementor-widget-heading\" data-id=\"317c7fac\" data-element_type=\"widget\" data-widget_type=\"heading.default\">\n\t\t\t\t<div class=\"elementor-widget-container\">\n\t\t\t\t\t<div class=\"elementor-heading-title elementor-size-default\"><a href=\"https:\/\/ccviolenciaeigualdad.com\/it\/declaracion-de-accesibilidad\/\">Dichiarazione di accessibilit\u00e0<\/a><\/div>\t\t\t\t<\/div>\n\t\t\t\t<\/div>\n\t\t\t\t<\/div>\n\t\t\t\t<\/div>\n\t\t<div class=\"elementor-element elementor-element-73b7d48 e-flex e-con-boxed e-con e-child\" data-id=\"73b7d48\" data-element_type=\"container\">\n\t\t\t\t\t<div class=\"e-con-inner\">\n\t\t\t\t<div class=\"elementor-element elementor-element-fe41ada elementor-widget elementor-widget-text-editor\" data-id=\"fe41ada\" data-element_type=\"widget\" data-widget_type=\"text-editor.default\">\n\t\t\t\t<div class=\"elementor-widget-container\">\n\t\t\t\t\t\t\t\t\t<h2>1.- Informazioni utente<\/h2>\n<p>Il sito web informa gli utenti del sito sulla propria politica in materia di trattamento e protezione dei dati personali degli utenti e dei clienti che possono essere richiesti navigando attraverso il suo sito web.<\/p>\n<p>Il sito web \u00e8 titolare del trattamento dei dati personali dell&#039;utente e pertanto fornisce le seguenti informazioni in merito al trattamento dei suoi dati:<\/p>\n<p><strong>Criteri di conservazione dei dati<\/strong>&nbsp;I dati personali conferiti saranno conservati fino a quando non ne verr\u00e0 richiesta la sospensione da parte dell&#039;interessato, esercitando i propri diritti sui dati stessi, e comunque nel rispetto dei termini di prescrizione di legge applicabili.<\/p>\n<p><strong>Diritti degli interessati<\/strong>&nbsp;:<\/p>\n<ul>\n<li>Diritto di revocare il consenso in qualsiasi momento.<\/li>\n<li>Diritto di accesso, rettifica, cancellazione, portabilit\u00e0 dei dati e limitazione od opposizione al loro trattamento, nonch\u00e9 di non essere soggetti a decisioni individuali automatizzate.<\/li>\n<\/ul>\n<p><strong>Informazioni di contatto per esercitare i tuoi diritti<\/strong>&nbsp;:<\/p>\n<p>\u00c8 necessario identificarsi correttamente e richiedere chiaramente il diritto di esercizio.<\/p>\n<ul>\n<li>Sito web:&nbsp;<\/li>\n<li>Nome:&nbsp;<\/li>\n<li>NIF:&nbsp;<\/li>\n<li>Indirizzo:&nbsp;<\/li>\n<li>Telefono:<\/li>\n<li>E-mail:&nbsp;<\/li>\n<\/ul>\n<h2>2. Informazioni fornite dall&#039;utente<\/h2>\n<p>Se hai meno di 18 anni, non ti \u00e8 consentito utilizzare i moduli presenti sul nostro sito web.<\/p>\n<p>Gli utenti, inserendo i propri dati nei moduli di contatto o presentati nei moduli di download, accettano espressamente, liberamente e inequivocabilmente che i propri dati siano necessari per soddisfare la loro richiesta, da parte del Titolare, essendo l&#039;inserimento dei dati nei restanti campi facoltativo.<\/p>\n<p>L&#039;Utente garantisce che i dati personali forniti sono veritieri e si impegna a comunicare eventuali variazioni.<\/p>\n<p>Tutti i dati richiesti tramite il sito web sono necessari per fornire un servizio ottimale all&#039;Utente. In caso di mancato conferimento di tutti i dati, non sar\u00e0 possibile garantire che le informazioni e i servizi forniti dal Titolare del trattamento siano pienamente adatti alle esigenze dell&#039;Utente.<\/p>\n<h2>3.- Misure di sicurezza<\/h2>\n<p>Che, in conformit\u00e0 con quanto previsto dalla normativa vigente in materia di protezione dei dati personali, il Titolare rispetta tutte le disposizioni del GDPR e della LOPD per il trattamento dei dati personali sotto la propria responsabilit\u00e0, che sono trattati in modo lecito, corretto e trasparente nei confronti dell&#039;interessato e adeguati, pertinenti e limitati a quanto necessario rispetto alle finalit\u00e0 per le quali sono trattati.<\/p>\n<p>Il Titolare del trattamento garantisce di aver implementato politiche tecniche e organizzative adeguate per applicare le misure di sicurezza stabilite dal GDPR e dalla LOPD per proteggere i diritti e le libert\u00e0 degli Utenti e di aver comunicato agli stessi le informazioni appropriate affinch\u00e9 possano esercitarli.<\/p>\n<h2>4. Violazioni della sicurezza<\/h2>\n<p>Il Titolare del trattamento segnaler\u00e0 qualsiasi violazione della sicurezza che interessi il database utilizzato da questo sito web o uno qualsiasi dei nostri servizi di terze parti a tutti gli individui, ai dati potenzialmente interessati e alle autorit\u00e0, entro 72 ore dal rilevamento della violazione.<\/p>\n<h2>Legge applicabile e giurisdizione<\/h2>\n<p>Per la risoluzione di tutte le controversie o questioni relative al presente sito web o alle attivit\u00e0 svolte, si applicher\u00e0 la legislazione spagnola, alla quale le parti si sottopongono espressamente, e saranno competenti per la risoluzione di tutti i conflitti derivanti o correlati all&#039;uso del presente sito web i Tribunali di Barcellona.<\/p>\t\t\t\t\t\t\t\t<\/div>\n\t\t\t\t<\/div>\n\t\t\t\t\t<\/div>\n\t\t\t\t<\/div>\n\t\t\t\t\t<\/div>\n\t\t\t\t<\/div>\n\t\t\t\t<\/div>","protected":false},"excerpt":{"rendered":"<p>Pol\u00edtica de Privacidad Aviso Legal Pol\u00edtica de Privacidad Pol\u00edtica de Cookies Declaraci\u00f3n de Accesibilidad 1.- Informaci\u00f3n al usuario El sitio web informa a los usuarios del sitio web sobre su pol\u00edtica respecto al tratamiento y protecci\u00f3n de los datos de car\u00e1cter personal de los usuarios y clientes que puedan ser solicitados por la navegaci\u00f3n a [&hellip;]<\/p>","protected":false},"author":2,"featured_media":0,"parent":0,"menu_order":0,"comment_status":"closed","ping_status":"closed","template":"","meta":{"footnotes":""},"class_list":["post-59","page","type-page","status-publish","hentry"],"yoast_head":"<!-- This site is optimized with the Yoast SEO plugin v26.3 - https:\/\/yoast.com\/wordpress\/plugins\/seo\/ -->\n<title>Pol\u00edtica de Privacidad - Claudia Cruzado<\/title>\n<meta name=\"robots\" content=\"index, follow, max-snippet:-1, max-image-preview:large, max-video-preview:-1\" \/>\n<link rel=\"canonical\" href=\"https:\/\/ccviolenciaeigualdad.com\/it\/politica-de-privacidad\/\" \/>\n<meta property=\"og:locale\" content=\"it_IT\" \/>\n<meta property=\"og:type\" content=\"article\" \/>\n<meta property=\"og:title\" content=\"Pol\u00edtica de Privacidad - Claudia Cruzado\" \/>\n<meta property=\"og:description\" content=\"Pol\u00edtica de Privacidad Aviso Legal Pol\u00edtica de Privacidad Pol\u00edtica de Cookies Declaraci\u00f3n de Accesibilidad 1.- Informaci\u00f3n al usuario El sitio web informa a los usuarios del sitio web sobre su pol\u00edtica respecto al tratamiento y protecci\u00f3n de los datos de car\u00e1cter personal de los usuarios y clientes que puedan ser solicitados por la navegaci\u00f3n a [&hellip;]\" \/>\n<meta property=\"og:url\" content=\"https:\/\/ccviolenciaeigualdad.com\/it\/politica-de-privacidad\/\" \/>\n<meta property=\"og:site_name\" content=\"Claudia Cruzado\" \/>\n<meta property=\"article:modified_time\" content=\"2024-07-30T04:08:36+00:00\" \/>\n<meta name=\"twitter:card\" content=\"summary_large_image\" \/>\n<meta name=\"twitter:label1\" content=\"Tempo di lettura stimato\" \/>\n\t<meta name=\"twitter:data1\" content=\"3 minuti\" \/>\n<script type=\"application\/ld+json\" class=\"yoast-schema-graph\">{\"@context\":\"https:\/\/schema.org\",\"@graph\":[{\"@type\":\"WebPage\",\"@id\":\"https:\/\/ccviolenciaeigualdad.com\/politica-de-privacidad\/\",\"url\":\"https:\/\/ccviolenciaeigualdad.com\/politica-de-privacidad\/\",\"name\":\"Pol\u00edtica de Privacidad - Claudia Cruzado\",\"isPartOf\":{\"@id\":\"https:\/\/ccviolenciaeigualdad.com\/#website\"},\"datePublished\":\"2024-07-29T21:13:17+00:00\",\"dateModified\":\"2024-07-30T04:08:36+00:00\",\"breadcrumb\":{\"@id\":\"https:\/\/ccviolenciaeigualdad.com\/politica-de-privacidad\/#breadcrumb\"},\"inLanguage\":\"it-IT\",\"potentialAction\":[{\"@type\":\"ReadAction\",\"target\":[\"https:\/\/ccviolenciaeigualdad.com\/politica-de-privacidad\/\"]}]},{\"@type\":\"BreadcrumbList\",\"@id\":\"https:\/\/ccviolenciaeigualdad.com\/politica-de-privacidad\/#breadcrumb\",\"itemListElement\":[{\"@type\":\"ListItem\",\"position\":1,\"name\":\"Home\",\"item\":\"https:\/\/ccviolenciaeigualdad.com\/\"},{\"@type\":\"ListItem\",\"position\":2,\"name\":\"Pol\u00edtica de Privacidad\"}]},{\"@type\":\"WebSite\",\"@id\":\"https:\/\/ccviolenciaeigualdad.com\/#website\",\"url\":\"https:\/\/ccviolenciaeigualdad.com\/\",\"name\":\"Claudia Cruzado\",\"description\":\"Consultora especializada en igualdad, violencia de g\u00e9nero y acoso laboral\",\"publisher\":{\"@id\":\"https:\/\/ccviolenciaeigualdad.com\/#organization\"},\"potentialAction\":[{\"@type\":\"SearchAction\",\"target\":{\"@type\":\"EntryPoint\",\"urlTemplate\":\"https:\/\/ccviolenciaeigualdad.com\/?s={search_term_string}\"},\"query-input\":{\"@type\":\"PropertyValueSpecification\",\"valueRequired\":true,\"valueName\":\"search_term_string\"}}],\"inLanguage\":\"it-IT\"},{\"@type\":\"Organization\",\"@id\":\"https:\/\/ccviolenciaeigualdad.com\/#organization\",\"name\":\"Claudia Cruzado\",\"url\":\"https:\/\/ccviolenciaeigualdad.com\/\",\"logo\":{\"@type\":\"ImageObject\",\"inLanguage\":\"it-IT\",\"@id\":\"https:\/\/ccviolenciaeigualdad.com\/#\/schema\/logo\/image\/\",\"url\":\"https:\/\/ccviolenciaeigualdad.com\/wp-content\/uploads\/2025\/10\/cropped-logo-fondo-claudia-cruzado-1-1.png\",\"contentUrl\":\"https:\/\/ccviolenciaeigualdad.com\/wp-content\/uploads\/2025\/10\/cropped-logo-fondo-claudia-cruzado-1-1.png\",\"width\":1080,\"height\":373,\"caption\":\"Claudia Cruzado\"},\"image\":{\"@id\":\"https:\/\/ccviolenciaeigualdad.com\/#\/schema\/logo\/image\/\"}}]}<\/script>\n<!-- \/ Yoast SEO plugin. -->","yoast_head_json":{"title":"Pol\u00edtica de Privacidad - Claudia Cruzado","robots":{"index":"index","follow":"follow","max-snippet":"max-snippet:-1","max-image-preview":"max-image-preview:large","max-video-preview":"max-video-preview:-1"},"canonical":"https:\/\/ccviolenciaeigualdad.com\/it\/politica-de-privacidad\/","og_locale":"it_IT","og_type":"article","og_title":"Pol\u00edtica de Privacidad - Claudia Cruzado","og_description":"Pol\u00edtica de Privacidad Aviso Legal Pol\u00edtica de Privacidad Pol\u00edtica de Cookies Declaraci\u00f3n de Accesibilidad 1.- Informaci\u00f3n al usuario El sitio web informa a los usuarios del sitio web sobre su pol\u00edtica respecto al tratamiento y protecci\u00f3n de los datos de car\u00e1cter personal de los usuarios y clientes que puedan ser solicitados por la navegaci\u00f3n a [&hellip;]","og_url":"https:\/\/ccviolenciaeigualdad.com\/it\/politica-de-privacidad\/","og_site_name":"Claudia Cruzado","article_modified_time":"2024-07-30T04:08:36+00:00","twitter_card":"summary_large_image","twitter_misc":{"Tempo di lettura stimato":"3 minuti"},"schema":{"@context":"https:\/\/schema.org","@graph":[{"@type":"WebPage","@id":"https:\/\/ccviolenciaeigualdad.com\/politica-de-privacidad\/","url":"https:\/\/ccviolenciaeigualdad.com\/politica-de-privacidad\/","name":"Pol\u00edtica de Privacidad - Claudia Cruzado","isPartOf":{"@id":"https:\/\/ccviolenciaeigualdad.com\/#website"},"datePublished":"2024-07-29T21:13:17+00:00","dateModified":"2024-07-30T04:08:36+00:00","breadcrumb":{"@id":"https:\/\/ccviolenciaeigualdad.com\/politica-de-privacidad\/#breadcrumb"},"inLanguage":"it-IT","potentialAction":[{"@type":"ReadAction","target":["https:\/\/ccviolenciaeigualdad.com\/politica-de-privacidad\/"]}]},{"@type":"BreadcrumbList","@id":"https:\/\/ccviolenciaeigualdad.com\/politica-de-privacidad\/#breadcrumb","itemListElement":[{"@type":"ListItem","position":1,"name":"Home","item":"https:\/\/ccviolenciaeigualdad.com\/"},{"@type":"ListItem","position":2,"name":"Pol\u00edtica de Privacidad"}]},{"@type":"WebSite","@id":"https:\/\/ccviolenciaeigualdad.com\/#website","url":"https:\/\/ccviolenciaeigualdad.com\/","name":"Claudia Cruzado","description":"Consulente specializzato in parit\u00e0, violenza di genere e molestie sul posto di lavoro","publisher":{"@id":"https:\/\/ccviolenciaeigualdad.com\/#organization"},"potentialAction":[{"@type":"SearchAction","target":{"@type":"EntryPoint","urlTemplate":"https:\/\/ccviolenciaeigualdad.com\/?s={search_term_string}"},"query-input":{"@type":"PropertyValueSpecification","valueRequired":true,"valueName":"search_term_string"}}],"inLanguage":"it-IT"},{"@type":"Organization","@id":"https:\/\/ccviolenciaeigualdad.com\/#organization","name":"Claudia Cruzado","url":"https:\/\/ccviolenciaeigualdad.com\/","logo":{"@type":"ImageObject","inLanguage":"it-IT","@id":"https:\/\/ccviolenciaeigualdad.com\/#\/schema\/logo\/image\/","url":"https:\/\/ccviolenciaeigualdad.com\/wp-content\/uploads\/2025\/10\/cropped-logo-fondo-claudia-cruzado-1-1.png","contentUrl":"https:\/\/ccviolenciaeigualdad.com\/wp-content\/uploads\/2025\/10\/cropped-logo-fondo-claudia-cruzado-1-1.png","width":1080,"height":373,"caption":"Claudia Cruzado"},"image":{"@id":"https:\/\/ccviolenciaeigualdad.com\/#\/schema\/logo\/image\/"}}]}},"_links":{"self":[{"href":"https:\/\/ccviolenciaeigualdad.com\/it\/wp-json\/wp\/v2\/pages\/59","targetHints":{"allow":["GET"]}}],"collection":[{"href":"https:\/\/ccviolenciaeigualdad.com\/it\/wp-json\/wp\/v2\/pages"}],"about":[{"href":"https:\/\/ccviolenciaeigualdad.com\/it\/wp-json\/wp\/v2\/types\/page"}],"author":[{"embeddable":true,"href":"https:\/\/ccviolenciaeigualdad.com\/it\/wp-json\/wp\/v2\/users\/2"}],"replies":[{"embeddable":true,"href":"https:\/\/ccviolenciaeigualdad.com\/it\/wp-json\/wp\/v2\/comments?post=59"}],"version-history":[{"count":10,"href":"https:\/\/ccviolenciaeigualdad.com\/it\/wp-json\/wp\/v2\/pages\/59\/revisions"}],"predecessor-version":[{"id":225,"href":"https:\/\/ccviolenciaeigualdad.com\/it\/wp-json\/wp\/v2\/pages\/59\/revisions\/225"}],"wp:attachment":[{"href":"https:\/\/ccviolenciaeigualdad.com\/it\/wp-json\/wp\/v2\/media?parent=59"}],"curies":[{"name":"parola chiave","href":"https:\/\/api.w.org\/{rel}","templated":true}]}}