{"id":59,"date":"2024-07-29T21:13:17","date_gmt":"2024-07-29T21:13:17","guid":{"rendered":"https:\/\/ccviolenciaeigualdad.com\/?page_id=59"},"modified":"2024-07-30T04:08:36","modified_gmt":"2024-07-30T04:08:36","slug":"politica-de-privacidad","status":"publish","type":"page","link":"https:\/\/ccviolenciaeigualdad.com\/fr\/politica-de-privacidad\/","title":{"rendered":"politique de confidentialit\u00e9"},"content":{"rendered":"<div data-elementor-type=\"wp-page\" data-elementor-id=\"59\" class=\"elementor elementor-59\" data-elementor-post-type=\"page\">\n\t\t\t\t<div class=\"elementor-element elementor-element-3117b168 e-flex e-con-boxed e-con e-parent\" data-id=\"3117b168\" data-element_type=\"container\" data-settings=\"{&quot;background_background&quot;:&quot;classic&quot;}\">\n\t\t\t\t\t<div class=\"e-con-inner\">\n\t\t\t\t<div class=\"elementor-element elementor-element-48835538 elementor-widget elementor-widget-heading\" data-id=\"48835538\" data-element_type=\"widget\" data-widget_type=\"heading.default\">\n\t\t\t\t<div class=\"elementor-widget-container\">\n\t\t\t\t\t<h1 class=\"elementor-heading-title elementor-size-default\">politique de confidentialit\u00e9<\/h1>\t\t\t\t<\/div>\n\t\t\t\t<\/div>\n\t\t\t\t\t<\/div>\n\t\t\t\t<\/div>\n\t\t<div class=\"elementor-element elementor-element-17e1dcb4 e-flex e-con-boxed e-con e-parent\" data-id=\"17e1dcb4\" data-element_type=\"container\">\n\t\t\t\t\t<div class=\"e-con-inner\">\n\t\t<div class=\"elementor-element elementor-element-5255ebc5 e-con-full e-flex e-con e-child\" data-id=\"5255ebc5\" data-element_type=\"container\">\n\t\t<div class=\"elementor-element elementor-element-654973bd e-con-full e-flex e-con e-child\" data-id=\"654973bd\" data-element_type=\"container\" data-settings=\"{&quot;sticky&quot;:&quot;top&quot;,&quot;sticky_parent&quot;:&quot;yes&quot;,&quot;sticky_offset&quot;:150,&quot;sticky_on&quot;:[&quot;desktop&quot;,&quot;tablet&quot;,&quot;mobile&quot;],&quot;sticky_effects_offset&quot;:0,&quot;sticky_anchor_link_offset&quot;:0}\">\n\t\t\t\t<div class=\"elementor-element elementor-element-1e5a956d elementor-widget elementor-widget-heading\" data-id=\"1e5a956d\" data-element_type=\"widget\" data-widget_type=\"heading.default\">\n\t\t\t\t<div class=\"elementor-widget-container\">\n\t\t\t\t\t<div class=\"elementor-heading-title elementor-size-default\"><a href=\"https:\/\/ccviolenciaeigualdad.com\/fr\/aviso-legal\/\">Mentions l\u00e9gales<\/a><\/div>\t\t\t\t<\/div>\n\t\t\t\t<\/div>\n\t\t\t\t<div class=\"elementor-element elementor-element-4a79ffec elementor-widget elementor-widget-heading\" data-id=\"4a79ffec\" data-element_type=\"widget\" data-widget_type=\"heading.default\">\n\t\t\t\t<div class=\"elementor-widget-container\">\n\t\t\t\t\t<div class=\"elementor-heading-title elementor-size-default\">politique de confidentialit\u00e9<\/div>\t\t\t\t<\/div>\n\t\t\t\t<\/div>\n\t\t\t\t<div class=\"elementor-element elementor-element-5076e0f7 elementor-widget elementor-widget-heading\" data-id=\"5076e0f7\" data-element_type=\"widget\" data-widget_type=\"heading.default\">\n\t\t\t\t<div class=\"elementor-widget-container\">\n\t\t\t\t\t<div class=\"elementor-heading-title elementor-size-default\"><a href=\"https:\/\/ccviolenciaeigualdad.com\/fr\/politicas-de-cookies\/\">Politique relative aux cookies<\/a><\/div>\t\t\t\t<\/div>\n\t\t\t\t<\/div>\n\t\t\t\t<div class=\"elementor-element elementor-element-317c7fac elementor-widget elementor-widget-heading\" data-id=\"317c7fac\" data-element_type=\"widget\" data-widget_type=\"heading.default\">\n\t\t\t\t<div class=\"elementor-widget-container\">\n\t\t\t\t\t<div class=\"elementor-heading-title elementor-size-default\"><a href=\"https:\/\/ccviolenciaeigualdad.com\/fr\/declaracion-de-accesibilidad\/\">D\u00e9claration d&#039;accessibilit\u00e9<\/a><\/div>\t\t\t\t<\/div>\n\t\t\t\t<\/div>\n\t\t\t\t<\/div>\n\t\t\t\t<\/div>\n\t\t<div class=\"elementor-element elementor-element-73b7d48 e-flex e-con-boxed e-con e-child\" data-id=\"73b7d48\" data-element_type=\"container\">\n\t\t\t\t\t<div class=\"e-con-inner\">\n\t\t\t\t<div class=\"elementor-element elementor-element-fe41ada elementor-widget elementor-widget-text-editor\" data-id=\"fe41ada\" data-element_type=\"widget\" data-widget_type=\"text-editor.default\">\n\t\t\t\t<div class=\"elementor-widget-container\">\n\t\t\t\t\t\t\t\t\t<h2>1. Informations sur l&#039;utilisateur<\/h2>\n<p>Le site web informe les utilisateurs de sa politique en mati\u00e8re de traitement et de protection des donn\u00e9es personnelles des utilisateurs et des clients susceptibles d&#039;\u00eatre demand\u00e9es lors de la navigation sur son site.<\/p>\n<p>Le site web est responsable du traitement des donn\u00e9es personnelles de l&#039;utilisateur et fournit donc les informations suivantes concernant le traitement de ces donn\u00e9es\u00a0:<\/p>\n<p><strong>crit\u00e8res de conservation des donn\u00e9es<\/strong>&nbsp;Les donn\u00e9es personnelles fournies seront conserv\u00e9es jusqu&#039;\u00e0 ce que la suspension soit demand\u00e9e par la personne concern\u00e9e, exer\u00e7ant ainsi ses droits sur les donn\u00e9es, et en tout \u00e9tat de cause dans le respect des d\u00e9lais de prescription l\u00e9gaux applicables.<\/p>\n<p><strong>Droits des parties int\u00e9ress\u00e9es<\/strong>&nbsp;:<\/p>\n<ul>\n<li>Vous avez le droit de retirer votre consentement \u00e0 tout moment.<\/li>\n<li>Droit d\u2019acc\u00e8s, de rectification, d\u2019effacement, de portabilit\u00e9 de vos donn\u00e9es et de limitation ou d\u2019opposition \u00e0 leur traitement, ainsi que le droit de ne pas faire l\u2019objet de d\u00e9cisions individuelles automatis\u00e9es.<\/li>\n<\/ul>\n<p><strong>Informations de contact pour exercer vos droits<\/strong>&nbsp;:<\/p>\n<p>Vous devez vous identifier correctement et demander clairement le droit d&#039;exercer.<\/p>\n<ul>\n<li>Web :&nbsp;<\/li>\n<li>Nom:&nbsp;<\/li>\n<li>NIF\u00a0:&nbsp;<\/li>\n<li>Adresse:&nbsp;<\/li>\n<li>T\u00e9l\u00e9phone:<\/li>\n<li>E-mail:&nbsp;<\/li>\n<\/ul>\n<h2>2. Informations fournies par l&#039;utilisateur<\/h2>\n<p>Si vous avez moins de 18 ans, vous n&#039;\u00eates pas autoris\u00e9 \u00e0 utiliser les formulaires de notre site web.<\/p>\n<p>En saisissant leurs donn\u00e9es dans les formulaires de contact ou de t\u00e9l\u00e9chargement, les utilisateurs acceptent express\u00e9ment, librement et sans \u00e9quivoque que ces donn\u00e9es soient n\u00e9cessaires au traitement de leur demande par le responsable du traitement, la saisie de donn\u00e9es dans les autres champs \u00e9tant facultative.<\/p>\n<p>L\u2019Utilisateur garantit que les donn\u00e9es personnelles fournies sont exactes et est responsable de la communication de tout changement.<\/p>\n<p>Toutes les donn\u00e9es demand\u00e9es via le site web sont n\u00e9cessaires pour offrir un service optimal \u00e0 l&#039;utilisateur. Si toutes les donn\u00e9es ne sont pas fournies, il est impossible de garantir que les informations et les services fournis par le responsable du traitement des donn\u00e9es seront parfaitement adapt\u00e9s aux besoins de l&#039;utilisateur.<\/p>\n<h2>3. Mesures de s\u00e9curit\u00e9<\/h2>\n<p>Conform\u00e9ment aux dispositions de la r\u00e9glementation en vigueur relative \u00e0 la protection des donn\u00e9es personnelles, le responsable du traitement respecte toutes les dispositions du RGPD et de la LOPD concernant le traitement des donn\u00e9es personnelles dont il a la responsabilit\u00e9, lesquelles sont trait\u00e9es de mani\u00e8re licite, loyale et transparente \u00e0 l\u2019\u00e9gard de la personne concern\u00e9e et sont ad\u00e9quates, pertinentes et limit\u00e9es \u00e0 ce qui est n\u00e9cessaire au regard des finalit\u00e9s pour lesquelles elles sont trait\u00e9es.<\/p>\n<p>Le responsable du traitement des donn\u00e9es garantit avoir mis en \u0153uvre des politiques techniques et organisationnelles appropri\u00e9es pour appliquer les mesures de s\u00e9curit\u00e9 pr\u00e9vues par le RGPD et la LOPD afin de prot\u00e9ger les droits et libert\u00e9s des utilisateurs et leur avoir communiqu\u00e9 les informations appropri\u00e9es pour qu&#039;ils puissent les exercer.<\/p>\n<h2>4. Failles de s\u00e9curit\u00e9<\/h2>\n<p>Le responsable du traitement des donn\u00e9es signalera toute violation de s\u00e9curit\u00e9 affectant la base de donn\u00e9es utilis\u00e9e par ce site web, ou l&#039;un de nos services tiers, \u00e0 toutes les personnes, aux donn\u00e9es susceptibles d&#039;avoir \u00e9t\u00e9 affect\u00e9es et aux autorit\u00e9s comp\u00e9tentes, dans un d\u00e9lai de 72 heures suivant la d\u00e9tection de la violation.<\/p>\n<h2>Droit applicable et juridiction<\/h2>\n<p>Pour le r\u00e8glement de tout litige ou diff\u00e9rend relatif \u00e0 ce site web ou aux activit\u00e9s qui y sont men\u00e9es, la l\u00e9gislation espagnole sera applicable, \u00e0 laquelle les parties se soumettent express\u00e9ment, et les tribunaux de Barcelone seront comp\u00e9tents pour r\u00e9gler tout conflit d\u00e9coulant de ou li\u00e9 \u00e0 l&#039;utilisation de ce site web.<\/p>\t\t\t\t\t\t\t\t<\/div>\n\t\t\t\t<\/div>\n\t\t\t\t\t<\/div>\n\t\t\t\t<\/div>\n\t\t\t\t\t<\/div>\n\t\t\t\t<\/div>\n\t\t\t\t<\/div>","protected":false},"excerpt":{"rendered":"<p>Pol\u00edtica de Privacidad Aviso Legal Pol\u00edtica de Privacidad Pol\u00edtica de Cookies Declaraci\u00f3n de Accesibilidad 1.- Informaci\u00f3n al usuario El sitio web informa a los usuarios del sitio web sobre su pol\u00edtica respecto al tratamiento y protecci\u00f3n de los datos de car\u00e1cter personal de los usuarios y clientes que puedan ser solicitados por la navegaci\u00f3n a [&hellip;]<\/p>","protected":false},"author":2,"featured_media":0,"parent":0,"menu_order":0,"comment_status":"closed","ping_status":"closed","template":"","meta":{"footnotes":""},"class_list":["post-59","page","type-page","status-publish","hentry"],"yoast_head":"<!-- This site is optimized with the Yoast SEO plugin v26.3 - https:\/\/yoast.com\/wordpress\/plugins\/seo\/ -->\n<title>Pol\u00edtica de Privacidad - Claudia Cruzado<\/title>\n<meta name=\"robots\" content=\"index, follow, max-snippet:-1, max-image-preview:large, max-video-preview:-1\" \/>\n<link rel=\"canonical\" href=\"https:\/\/ccviolenciaeigualdad.com\/fr\/politica-de-privacidad\/\" \/>\n<meta property=\"og:locale\" content=\"fr_FR\" \/>\n<meta property=\"og:type\" content=\"article\" \/>\n<meta property=\"og:title\" content=\"Pol\u00edtica de Privacidad - Claudia Cruzado\" \/>\n<meta property=\"og:description\" content=\"Pol\u00edtica de Privacidad Aviso Legal Pol\u00edtica de Privacidad Pol\u00edtica de Cookies Declaraci\u00f3n de Accesibilidad 1.- Informaci\u00f3n al usuario El sitio web informa a los usuarios del sitio web sobre su pol\u00edtica respecto al tratamiento y protecci\u00f3n de los datos de car\u00e1cter personal de los usuarios y clientes que puedan ser solicitados por la navegaci\u00f3n a [&hellip;]\" \/>\n<meta property=\"og:url\" content=\"https:\/\/ccviolenciaeigualdad.com\/fr\/politica-de-privacidad\/\" \/>\n<meta property=\"og:site_name\" content=\"Claudia Cruzado\" \/>\n<meta property=\"article:modified_time\" content=\"2024-07-30T04:08:36+00:00\" \/>\n<meta name=\"twitter:card\" content=\"summary_large_image\" \/>\n<meta name=\"twitter:label1\" content=\"Dur\u00e9e de lecture estim\u00e9e\" \/>\n\t<meta name=\"twitter:data1\" content=\"3 minutes\" \/>\n<script type=\"application\/ld+json\" class=\"yoast-schema-graph\">{\"@context\":\"https:\/\/schema.org\",\"@graph\":[{\"@type\":\"WebPage\",\"@id\":\"https:\/\/ccviolenciaeigualdad.com\/politica-de-privacidad\/\",\"url\":\"https:\/\/ccviolenciaeigualdad.com\/politica-de-privacidad\/\",\"name\":\"Pol\u00edtica de Privacidad - Claudia Cruzado\",\"isPartOf\":{\"@id\":\"https:\/\/ccviolenciaeigualdad.com\/#website\"},\"datePublished\":\"2024-07-29T21:13:17+00:00\",\"dateModified\":\"2024-07-30T04:08:36+00:00\",\"breadcrumb\":{\"@id\":\"https:\/\/ccviolenciaeigualdad.com\/politica-de-privacidad\/#breadcrumb\"},\"inLanguage\":\"fr-FR\",\"potentialAction\":[{\"@type\":\"ReadAction\",\"target\":[\"https:\/\/ccviolenciaeigualdad.com\/politica-de-privacidad\/\"]}]},{\"@type\":\"BreadcrumbList\",\"@id\":\"https:\/\/ccviolenciaeigualdad.com\/politica-de-privacidad\/#breadcrumb\",\"itemListElement\":[{\"@type\":\"ListItem\",\"position\":1,\"name\":\"Home\",\"item\":\"https:\/\/ccviolenciaeigualdad.com\/\"},{\"@type\":\"ListItem\",\"position\":2,\"name\":\"Pol\u00edtica de Privacidad\"}]},{\"@type\":\"WebSite\",\"@id\":\"https:\/\/ccviolenciaeigualdad.com\/#website\",\"url\":\"https:\/\/ccviolenciaeigualdad.com\/\",\"name\":\"Claudia Cruzado\",\"description\":\"Consultora especializada en igualdad, violencia de g\u00e9nero y acoso laboral\",\"publisher\":{\"@id\":\"https:\/\/ccviolenciaeigualdad.com\/#organization\"},\"potentialAction\":[{\"@type\":\"SearchAction\",\"target\":{\"@type\":\"EntryPoint\",\"urlTemplate\":\"https:\/\/ccviolenciaeigualdad.com\/?s={search_term_string}\"},\"query-input\":{\"@type\":\"PropertyValueSpecification\",\"valueRequired\":true,\"valueName\":\"search_term_string\"}}],\"inLanguage\":\"fr-FR\"},{\"@type\":\"Organization\",\"@id\":\"https:\/\/ccviolenciaeigualdad.com\/#organization\",\"name\":\"Claudia Cruzado\",\"url\":\"https:\/\/ccviolenciaeigualdad.com\/\",\"logo\":{\"@type\":\"ImageObject\",\"inLanguage\":\"fr-FR\",\"@id\":\"https:\/\/ccviolenciaeigualdad.com\/#\/schema\/logo\/image\/\",\"url\":\"https:\/\/ccviolenciaeigualdad.com\/wp-content\/uploads\/2025\/10\/cropped-logo-fondo-claudia-cruzado-1-1.png\",\"contentUrl\":\"https:\/\/ccviolenciaeigualdad.com\/wp-content\/uploads\/2025\/10\/cropped-logo-fondo-claudia-cruzado-1-1.png\",\"width\":1080,\"height\":373,\"caption\":\"Claudia Cruzado\"},\"image\":{\"@id\":\"https:\/\/ccviolenciaeigualdad.com\/#\/schema\/logo\/image\/\"}}]}<\/script>\n<!-- \/ Yoast SEO plugin. -->","yoast_head_json":{"title":"Pol\u00edtica de Privacidad - Claudia Cruzado","robots":{"index":"index","follow":"follow","max-snippet":"max-snippet:-1","max-image-preview":"max-image-preview:large","max-video-preview":"max-video-preview:-1"},"canonical":"https:\/\/ccviolenciaeigualdad.com\/fr\/politica-de-privacidad\/","og_locale":"fr_FR","og_type":"article","og_title":"Pol\u00edtica de Privacidad - Claudia Cruzado","og_description":"Pol\u00edtica de Privacidad Aviso Legal Pol\u00edtica de Privacidad Pol\u00edtica de Cookies Declaraci\u00f3n de Accesibilidad 1.- Informaci\u00f3n al usuario El sitio web informa a los usuarios del sitio web sobre su pol\u00edtica respecto al tratamiento y protecci\u00f3n de los datos de car\u00e1cter personal de los usuarios y clientes que puedan ser solicitados por la navegaci\u00f3n a [&hellip;]","og_url":"https:\/\/ccviolenciaeigualdad.com\/fr\/politica-de-privacidad\/","og_site_name":"Claudia Cruzado","article_modified_time":"2024-07-30T04:08:36+00:00","twitter_card":"summary_large_image","twitter_misc":{"Dur\u00e9e de lecture estim\u00e9e":"3 minutes"},"schema":{"@context":"https:\/\/schema.org","@graph":[{"@type":"WebPage","@id":"https:\/\/ccviolenciaeigualdad.com\/politica-de-privacidad\/","url":"https:\/\/ccviolenciaeigualdad.com\/politica-de-privacidad\/","name":"Pol\u00edtica de Privacidad - Claudia Cruzado","isPartOf":{"@id":"https:\/\/ccviolenciaeigualdad.com\/#website"},"datePublished":"2024-07-29T21:13:17+00:00","dateModified":"2024-07-30T04:08:36+00:00","breadcrumb":{"@id":"https:\/\/ccviolenciaeigualdad.com\/politica-de-privacidad\/#breadcrumb"},"inLanguage":"fr-FR","potentialAction":[{"@type":"ReadAction","target":["https:\/\/ccviolenciaeigualdad.com\/politica-de-privacidad\/"]}]},{"@type":"BreadcrumbList","@id":"https:\/\/ccviolenciaeigualdad.com\/politica-de-privacidad\/#breadcrumb","itemListElement":[{"@type":"ListItem","position":1,"name":"Home","item":"https:\/\/ccviolenciaeigualdad.com\/"},{"@type":"ListItem","position":2,"name":"Pol\u00edtica de Privacidad"}]},{"@type":"WebSite","@id":"https:\/\/ccviolenciaeigualdad.com\/#website","url":"https:\/\/ccviolenciaeigualdad.com\/","name":"Claudia Cruzado","description":"Consultante sp\u00e9cialis\u00e9e en \u00e9galit\u00e9, violence sexiste et harc\u00e8lement au travail","publisher":{"@id":"https:\/\/ccviolenciaeigualdad.com\/#organization"},"potentialAction":[{"@type":"SearchAction","target":{"@type":"EntryPoint","urlTemplate":"https:\/\/ccviolenciaeigualdad.com\/?s={search_term_string}"},"query-input":{"@type":"PropertyValueSpecification","valueRequired":true,"valueName":"search_term_string"}}],"inLanguage":"fr-FR"},{"@type":"Organization","@id":"https:\/\/ccviolenciaeigualdad.com\/#organization","name":"Claudia Cruzado","url":"https:\/\/ccviolenciaeigualdad.com\/","logo":{"@type":"ImageObject","inLanguage":"fr-FR","@id":"https:\/\/ccviolenciaeigualdad.com\/#\/schema\/logo\/image\/","url":"https:\/\/ccviolenciaeigualdad.com\/wp-content\/uploads\/2025\/10\/cropped-logo-fondo-claudia-cruzado-1-1.png","contentUrl":"https:\/\/ccviolenciaeigualdad.com\/wp-content\/uploads\/2025\/10\/cropped-logo-fondo-claudia-cruzado-1-1.png","width":1080,"height":373,"caption":"Claudia Cruzado"},"image":{"@id":"https:\/\/ccviolenciaeigualdad.com\/#\/schema\/logo\/image\/"}}]}},"_links":{"self":[{"href":"https:\/\/ccviolenciaeigualdad.com\/fr\/wp-json\/wp\/v2\/pages\/59","targetHints":{"allow":["GET"]}}],"collection":[{"href":"https:\/\/ccviolenciaeigualdad.com\/fr\/wp-json\/wp\/v2\/pages"}],"about":[{"href":"https:\/\/ccviolenciaeigualdad.com\/fr\/wp-json\/wp\/v2\/types\/page"}],"author":[{"embeddable":true,"href":"https:\/\/ccviolenciaeigualdad.com\/fr\/wp-json\/wp\/v2\/users\/2"}],"replies":[{"embeddable":true,"href":"https:\/\/ccviolenciaeigualdad.com\/fr\/wp-json\/wp\/v2\/comments?post=59"}],"version-history":[{"count":10,"href":"https:\/\/ccviolenciaeigualdad.com\/fr\/wp-json\/wp\/v2\/pages\/59\/revisions"}],"predecessor-version":[{"id":225,"href":"https:\/\/ccviolenciaeigualdad.com\/fr\/wp-json\/wp\/v2\/pages\/59\/revisions\/225"}],"wp:attachment":[{"href":"https:\/\/ccviolenciaeigualdad.com\/fr\/wp-json\/wp\/v2\/media?parent=59"}],"curies":[{"name":"wp","href":"https:\/\/api.w.org\/{rel}","templated":true}]}}