{"id":57,"date":"2024-07-29T21:12:52","date_gmt":"2024-07-29T21:12:52","guid":{"rendered":"https:\/\/ccviolenciaeigualdad.com\/?page_id=57"},"modified":"2024-07-30T03:57:05","modified_gmt":"2024-07-30T03:57:05","slug":"aviso-legal","status":"publish","type":"page","link":"https:\/\/ccviolenciaeigualdad.com\/fr\/aviso-legal\/","title":{"rendered":"Mentions l\u00e9gales"},"content":{"rendered":"<div data-elementor-type=\"wp-page\" data-elementor-id=\"57\" class=\"elementor elementor-57\" data-elementor-post-type=\"page\">\n\t\t\t\t<div class=\"elementor-element elementor-element-37262a3a e-flex e-con-boxed e-con e-parent\" data-id=\"37262a3a\" data-element_type=\"container\" data-settings=\"{&quot;background_background&quot;:&quot;classic&quot;}\">\n\t\t\t\t\t<div class=\"e-con-inner\">\n\t\t\t\t<div class=\"elementor-element elementor-element-56007bec elementor-widget elementor-widget-heading\" data-id=\"56007bec\" data-element_type=\"widget\" data-widget_type=\"heading.default\">\n\t\t\t\t<div class=\"elementor-widget-container\">\n\t\t\t\t\t<h1 class=\"elementor-heading-title elementor-size-default\">Avis juridique<\/h1>\t\t\t\t<\/div>\n\t\t\t\t<\/div>\n\t\t\t\t\t<\/div>\n\t\t\t\t<\/div>\n\t\t<div class=\"elementor-element elementor-element-315d61d7 e-flex e-con-boxed e-con e-parent\" data-id=\"315d61d7\" data-element_type=\"container\">\n\t\t\t\t\t<div class=\"e-con-inner\">\n\t\t<div class=\"elementor-element elementor-element-7ff28e7a e-con-full e-flex e-con e-child\" data-id=\"7ff28e7a\" data-element_type=\"container\">\n\t\t<div class=\"elementor-element elementor-element-4c38325f e-con-full e-flex e-con e-child\" data-id=\"4c38325f\" data-element_type=\"container\" data-settings=\"{&quot;sticky&quot;:&quot;top&quot;,&quot;sticky_parent&quot;:&quot;yes&quot;,&quot;sticky_offset&quot;:150,&quot;sticky_on&quot;:[&quot;desktop&quot;,&quot;tablet&quot;,&quot;mobile&quot;],&quot;sticky_effects_offset&quot;:0,&quot;sticky_anchor_link_offset&quot;:0}\">\n\t\t\t\t<div class=\"elementor-element elementor-element-3d781e8 elementor-widget elementor-widget-heading\" data-id=\"3d781e8\" data-element_type=\"widget\" data-widget_type=\"heading.default\">\n\t\t\t\t<div class=\"elementor-widget-container\">\n\t\t\t\t\t<div class=\"elementor-heading-title elementor-size-default\">Mentions l\u00e9gales<\/div>\t\t\t\t<\/div>\n\t\t\t\t<\/div>\n\t\t\t\t<div class=\"elementor-element elementor-element-3b6a2c61 elementor-widget elementor-widget-heading\" data-id=\"3b6a2c61\" data-element_type=\"widget\" data-widget_type=\"heading.default\">\n\t\t\t\t<div class=\"elementor-widget-container\">\n\t\t\t\t\t<div class=\"elementor-heading-title elementor-size-default\"><a href=\"https:\/\/ccviolenciaeigualdad.com\/fr\/politica-de-privacidad\/\">politique de confidentialit\u00e9<\/a><\/div>\t\t\t\t<\/div>\n\t\t\t\t<\/div>\n\t\t\t\t<div class=\"elementor-element elementor-element-15e14258 elementor-widget elementor-widget-heading\" data-id=\"15e14258\" data-element_type=\"widget\" data-widget_type=\"heading.default\">\n\t\t\t\t<div class=\"elementor-widget-container\">\n\t\t\t\t\t<div class=\"elementor-heading-title elementor-size-default\"><a href=\"https:\/\/ccviolenciaeigualdad.com\/fr\/politicas-de-cookies\/\">Politique relative aux cookies<\/a><\/div>\t\t\t\t<\/div>\n\t\t\t\t<\/div>\n\t\t\t\t<div class=\"elementor-element elementor-element-5b537334 elementor-widget elementor-widget-heading\" data-id=\"5b537334\" data-element_type=\"widget\" data-widget_type=\"heading.default\">\n\t\t\t\t<div class=\"elementor-widget-container\">\n\t\t\t\t\t<div class=\"elementor-heading-title elementor-size-default\"><a href=\"https:\/\/ccviolenciaeigualdad.com\/fr\/declaracion-de-accesibilidad\/\">D\u00e9claration d&#039;accessibilit\u00e9<\/a><\/div>\t\t\t\t<\/div>\n\t\t\t\t<\/div>\n\t\t\t\t<\/div>\n\t\t\t\t<\/div>\n\t\t<div class=\"elementor-element elementor-element-79738d2d e-flex e-con-boxed e-con e-child\" data-id=\"79738d2d\" data-element_type=\"container\">\n\t\t\t\t\t<div class=\"e-con-inner\">\n\t\t\t\t<div class=\"elementor-element elementor-element-1eea6255 elementor-widget elementor-widget-text-editor\" data-id=\"1eea6255\" data-element_type=\"widget\" data-widget_type=\"text-editor.default\">\n\t\t\t\t<div class=\"elementor-widget-container\">\n\t\t\t\t\t\t\t\t\t<h2>Responsable du traitement des donn\u00e9es<\/h2><p>Conform\u00e9ment \u00e0 l\u2019obligation d\u2019information pr\u00e9vue par la loi 34\/2002 du 11 juillet relative aux services de la soci\u00e9t\u00e9 de l\u2019information et au commerce \u00e9lectronique, nous vous informons que ce site web appartient \u00e0\u00a0:<\/p><ul><li>Web :\u00a0<\/li><li>Nom:\u00a0<b><br \/><\/b><\/li><li>NIF\u00a0:\u00a0<\/li><li>Adresse:\u00a0<\/li><li>T\u00e9l\u00e9phone:\u00a0<\/li><li>E-mail:\u00a0<\/li><\/ul><div>\u00a0<\/div><h2>Objet<\/h2><p>Le responsable du traitement des donn\u00e9es met ce document \u00e0 la disposition des utilisateurs afin de se conformer \u00e0 la r\u00e9glementation en vigueur en mati\u00e8re de protection des donn\u00e9es, et dans le cadre du nouveau cadre r\u00e9glementaire \u00e9tabli par le R\u00e8glement (UE) 2016\/679 du Parlement europ\u00e9en et du Conseil du 27 avril 2016 relatif \u00e0 la protection des personnes physiques \u00e0 l\u2019\u00e9gard du traitement des donn\u00e9es \u00e0 caract\u00e8re personnel et \u00e0 la libre circulation de ces donn\u00e9es (ci-apr\u00e8s, le \u201c RGPD \u201d), ainsi qu\u2019aux r\u00e9glementations nationales en mati\u00e8re de protection des donn\u00e9es \u00e0 caract\u00e8re personnel, et afin d\u2019informer tous les utilisateurs du site web des conditions d\u2019utilisation de celui-ci.<\/p><p>Toute personne acc\u00e9dant \u00e0 ce site web assume le r\u00f4le d&#039;utilisateur, s&#039;engageant \u00e0 respecter et \u00e0 se conformer strictement aux dispositions \u00e9nonc\u00e9es dans le pr\u00e9sent document, ainsi qu&#039;\u00e0 toute autre disposition l\u00e9gale applicable.<\/p><p>Le responsable du traitement des donn\u00e9es se r\u00e9serve le droit de modifier toute information pouvant figurer sur le site web, sans obligation de pr\u00e9avis ni d&#039;information pr\u00e9alable des utilisateurs, la publication sur le site web du responsable du traitement des donn\u00e9es \u00e9tant consid\u00e9r\u00e9e comme suffisante. .<\/p><h2>Responsabilit\u00e9<\/h2><p>Le responsable du traitement des donn\u00e9es d\u00e9cline toute responsabilit\u00e9 relative aux informations publi\u00e9es sur son site web, \u00e0 condition que ces informations aient \u00e9t\u00e9 manipul\u00e9es ou saisies par un tiers non li\u00e9 au responsable du traitement des donn\u00e9es.<\/p><h2>Adresses IP<\/h2><p>Les serveurs du site web pourront d\u00e9tecter automatiquement l&#039;adresse IP et le nom de domaine utilis\u00e9s par l&#039;utilisateur.<\/p><p>Une adresse IP est un num\u00e9ro attribu\u00e9 automatiquement \u00e0 un ordinateur lorsqu&#039;il se connecte \u00e0 Internet. Toutes ces informations sont enregistr\u00e9es dans un journal d&#039;activit\u00e9 du serveur d\u00fbment enregistr\u00e9, ce qui permet le traitement ult\u00e9rieur des donn\u00e9es afin d&#039;obtenir des mesures purement statistiques r\u00e9v\u00e9lant le nombre de pages vues, le nombre de visites sur les serveurs web, l&#039;ordre des visites, le point d&#039;acc\u00e8s, etc.<\/p><h2>Politique relative aux liens<\/h2><p>Ce site web peut vous rediriger vers des contenus h\u00e9berg\u00e9s sur des sites tiers. Le responsable du traitement des donn\u00e9es ne pouvant contr\u00f4ler syst\u00e9matiquement les contenus publi\u00e9s par ces tiers, il d\u00e9cline toute responsabilit\u00e9 \u00e0 cet \u00e9gard. Toutefois, il s&#039;engage \u00e0 supprimer imm\u00e9diatement tout contenu susceptible d&#039;enfreindre le droit national ou international, les bonnes m\u0153urs ou l&#039;ordre public, ainsi que toute redirection vers ce site web, et \u00e0 signaler le contenu en question aux autorit\u00e9s comp\u00e9tentes.<\/p><p>Le responsable du traitement des donn\u00e9es n&#039;est pas responsable des informations et contenus stock\u00e9s, notamment sur les forums, chats, blogs, commentaires, r\u00e9seaux sociaux ou tout autre support permettant \u00e0 des tiers de publier du contenu de mani\u00e8re ind\u00e9pendante sur son site web. Toutefois, conform\u00e9ment aux articles 11 et 16 de la LSSICE (Loi espagnole sur les services de la soci\u00e9t\u00e9 de l&#039;information et le commerce \u00e9lectronique), le responsable du traitement des donn\u00e9es se tient \u00e0 la disposition de tous les utilisateurs, autorit\u00e9s et forces de l&#039;ordre, et collabore activement \u00e0 la suppression ou, le cas \u00e9ch\u00e9ant, au blocage de tout contenu susceptible d&#039;enfreindre la l\u00e9gislation nationale ou internationale, les droits des tiers ou l&#039;ordre public. Si un utilisateur estime qu&#039;un contenu pr\u00e9sent sur le site web rel\u00e8ve de cette cat\u00e9gorie,<\/p><p>Ce site web a \u00e9t\u00e9 v\u00e9rifi\u00e9 et test\u00e9 afin de garantir son bon fonctionnement. En principe, son fonctionnement est assur\u00e9 24h\/24 et 365j\/365. Toutefois, le propri\u00e9taire du site n&#039;exclut pas la possibilit\u00e9 d&#039;erreurs de programmation ou de cas de force majeure, tels que des catastrophes naturelles, des gr\u00e8ves ou autres circonstances similaires pouvant emp\u00eacher l&#039;acc\u00e8s au site.<\/p><h2>Protection des donn\u00e9es<\/h2><p>Le responsable du traitement des donn\u00e9es est profond\u00e9ment attach\u00e9 au respect de la r\u00e9glementation en vigueur en mati\u00e8re de protection des donn\u00e9es, et dans le contexte du nouveau cadre r\u00e9glementaire \u00e9tabli par le r\u00e8glement (UE) 2016\/679 du Parlement europ\u00e9en et du Conseil du 27 avril 2016 relatif \u00e0 la protection des personnes physiques \u00e0 l\u2019\u00e9gard du traitement des donn\u00e9es \u00e0 caract\u00e8re personnel et \u00e0 la libre circulation de ces donn\u00e9es (ci-apr\u00e8s, le RGPD), ainsi que des r\u00e9glementations nationales en mati\u00e8re de protection des donn\u00e9es \u00e0 caract\u00e8re personnel.<\/p><p>Par ailleurs, le responsable du traitement des donn\u00e9es vous informe qu&#039;il se conforme \u00e0 la loi 34\/2002 du 11 juillet relative aux services de la soci\u00e9t\u00e9 de l&#039;information et au commerce \u00e9lectronique, et vous demandera votre consentement au traitement de vos donn\u00e9es \u00e0 des fins commerciales \u00e0 chaque fois.<\/p><h2>Propri\u00e9t\u00e9 intellectuelle et industrielle<\/h2><p>Le site web, y compris, mais sans s&#039;y limiter, sa programmation, son \u00e9dition, sa compilation et tous les autres \u00e9l\u00e9ments n\u00e9cessaires \u00e0 son fonctionnement, les designs, logos, textes et\/ou graphismes sont la propri\u00e9t\u00e9 de la Partie Responsable ou, le cas \u00e9ch\u00e9ant, font l&#039;objet d&#039;une licence ou d&#039;une autorisation expresse des auteurs.<\/p><p>L&#039;ensemble du contenu du site web est d\u00fbment prot\u00e9g\u00e9 par les r\u00e9glementations relatives \u00e0 la propri\u00e9t\u00e9 intellectuelle et industrielle.<\/p><p>Quelle que soit leur finalit\u00e9, la reproduction, l&#039;utilisation, l&#039;exploitation, la distribution et la commercialisation, totales ou partielles, de ces documents n\u00e9cessitent l&#039;autorisation \u00e9crite pr\u00e9alable du responsable du traitement des donn\u00e9es. Toute utilisation non autoris\u00e9e par ce dernier sera consid\u00e9r\u00e9e comme une violation grave des droits de propri\u00e9t\u00e9 intellectuelle ou industrielle de l&#039;auteur.<\/p><p>Les dessins, logos, textes et\/ou \u00e9l\u00e9ments graphiques appartenant \u00e0 des tiers et susceptibles d&#039;appara\u00eetre sur le site web sont la propri\u00e9t\u00e9 de leurs d\u00e9tenteurs respectifs, qui sont seuls responsables de tout litige pouvant survenir \u00e0 leur sujet. Le responsable du traitement des donn\u00e9es a toutefois obtenu l&#039;autorisation expresse et pr\u00e9alable desdits d\u00e9tenteurs.<\/p><p>Le responsable du traitement autorise express\u00e9ment les tiers \u00e0 rediriger directement vers un contenu sp\u00e9cifique du site web, et doit en tout \u00e9tat de cause rediriger vers la page d&#039;accueil du site web du responsable du traitement.<\/p><p>Le responsable du traitement reconna\u00eet les droits de propri\u00e9t\u00e9 intellectuelle et industrielle correspondants de leurs propri\u00e9taires, et leur simple mention ou apparition sur le site web n&#039;implique pas l&#039;existence de droits ou de responsabilit\u00e9s du responsable du traitement \u00e0 leur \u00e9gard, ni un soutien, un parrainage ou une recommandation de leur part.<\/p><p>Pour toutes les images lorsque le logiciel de conception le permet, les r\u00e9f\u00e9rences correspondantes \u00e0 l&#039;auteur et \u00e0 la licence correspondante ont \u00e9t\u00e9 incluses.<\/p><p>Pour signaler toute violation pr\u00e9sum\u00e9e des droits de propri\u00e9t\u00e9 intellectuelle ou industrielle, ou tout probl\u00e8me relatif au contenu du site web, veuillez utiliser l&#039;adresse \u00e9lectronique suivante\u00a0:\u00a0<\/p>\t\t\t\t\t\t\t\t<\/div>\n\t\t\t\t<\/div>\n\t\t\t\t\t<\/div>\n\t\t\t\t<\/div>\n\t\t\t\t\t<\/div>\n\t\t\t\t<\/div>\n\t\t\t\t<\/div>","protected":false},"excerpt":{"rendered":"<p>Aviso Legal\u200b Aviso Legal Pol\u00edtica de Privacidad Pol\u00edtica de Cookies Declaraci\u00f3n de accesibilidad Responsable del tratamiento de los datos En cumplimiento del deber de informaci\u00f3n que establece la Ley La 34\/2002, de 11 de julio, de Servicios de la Sociedad de la Informaci\u00f3n y del Comercio Electr\u00f3nico, le comunicamos que esta web es titularidad de: [&hellip;]<\/p>","protected":false},"author":2,"featured_media":0,"parent":0,"menu_order":0,"comment_status":"closed","ping_status":"closed","template":"","meta":{"footnotes":""},"class_list":["post-57","page","type-page","status-publish","hentry"],"yoast_head":"<!-- This site is optimized with the Yoast SEO plugin v26.3 - https:\/\/yoast.com\/wordpress\/plugins\/seo\/ -->\n<title>Aviso Legal - Claudia Cruzado<\/title>\n<meta name=\"robots\" content=\"index, follow, max-snippet:-1, max-image-preview:large, max-video-preview:-1\" \/>\n<link rel=\"canonical\" href=\"https:\/\/ccviolenciaeigualdad.com\/fr\/aviso-legal\/\" \/>\n<meta property=\"og:locale\" content=\"fr_FR\" \/>\n<meta property=\"og:type\" content=\"article\" \/>\n<meta property=\"og:title\" content=\"Aviso Legal - Claudia Cruzado\" \/>\n<meta property=\"og:description\" content=\"Aviso Legal\u200b Aviso Legal Pol\u00edtica de Privacidad Pol\u00edtica de Cookies Declaraci\u00f3n de accesibilidad Responsable del tratamiento de los datos En cumplimiento del deber de informaci\u00f3n que establece la Ley La 34\/2002, de 11 de julio, de Servicios de la Sociedad de la Informaci\u00f3n y del Comercio Electr\u00f3nico, le comunicamos que esta web es titularidad de: [&hellip;]\" \/>\n<meta property=\"og:url\" content=\"https:\/\/ccviolenciaeigualdad.com\/fr\/aviso-legal\/\" \/>\n<meta property=\"og:site_name\" content=\"Claudia Cruzado\" \/>\n<meta property=\"article:modified_time\" content=\"2024-07-30T03:57:05+00:00\" \/>\n<meta name=\"twitter:card\" content=\"summary_large_image\" \/>\n<meta name=\"twitter:label1\" content=\"Dur\u00e9e de lecture estim\u00e9e\" \/>\n\t<meta name=\"twitter:data1\" content=\"6 minutes\" \/>\n<script type=\"application\/ld+json\" class=\"yoast-schema-graph\">{\"@context\":\"https:\/\/schema.org\",\"@graph\":[{\"@type\":\"WebPage\",\"@id\":\"https:\/\/ccviolenciaeigualdad.com\/aviso-legal\/\",\"url\":\"https:\/\/ccviolenciaeigualdad.com\/aviso-legal\/\",\"name\":\"Aviso Legal - Claudia Cruzado\",\"isPartOf\":{\"@id\":\"https:\/\/ccviolenciaeigualdad.com\/#website\"},\"datePublished\":\"2024-07-29T21:12:52+00:00\",\"dateModified\":\"2024-07-30T03:57:05+00:00\",\"breadcrumb\":{\"@id\":\"https:\/\/ccviolenciaeigualdad.com\/aviso-legal\/#breadcrumb\"},\"inLanguage\":\"fr-FR\",\"potentialAction\":[{\"@type\":\"ReadAction\",\"target\":[\"https:\/\/ccviolenciaeigualdad.com\/aviso-legal\/\"]}]},{\"@type\":\"BreadcrumbList\",\"@id\":\"https:\/\/ccviolenciaeigualdad.com\/aviso-legal\/#breadcrumb\",\"itemListElement\":[{\"@type\":\"ListItem\",\"position\":1,\"name\":\"Home\",\"item\":\"https:\/\/ccviolenciaeigualdad.com\/\"},{\"@type\":\"ListItem\",\"position\":2,\"name\":\"Aviso Legal\"}]},{\"@type\":\"WebSite\",\"@id\":\"https:\/\/ccviolenciaeigualdad.com\/#website\",\"url\":\"https:\/\/ccviolenciaeigualdad.com\/\",\"name\":\"Claudia Cruzado\",\"description\":\"Consultora especializada en igualdad, violencia de g\u00e9nero y acoso laboral\",\"publisher\":{\"@id\":\"https:\/\/ccviolenciaeigualdad.com\/#organization\"},\"potentialAction\":[{\"@type\":\"SearchAction\",\"target\":{\"@type\":\"EntryPoint\",\"urlTemplate\":\"https:\/\/ccviolenciaeigualdad.com\/?s={search_term_string}\"},\"query-input\":{\"@type\":\"PropertyValueSpecification\",\"valueRequired\":true,\"valueName\":\"search_term_string\"}}],\"inLanguage\":\"fr-FR\"},{\"@type\":\"Organization\",\"@id\":\"https:\/\/ccviolenciaeigualdad.com\/#organization\",\"name\":\"Claudia Cruzado\",\"url\":\"https:\/\/ccviolenciaeigualdad.com\/\",\"logo\":{\"@type\":\"ImageObject\",\"inLanguage\":\"fr-FR\",\"@id\":\"https:\/\/ccviolenciaeigualdad.com\/#\/schema\/logo\/image\/\",\"url\":\"https:\/\/ccviolenciaeigualdad.com\/wp-content\/uploads\/2025\/10\/cropped-logo-fondo-claudia-cruzado-1-1.png\",\"contentUrl\":\"https:\/\/ccviolenciaeigualdad.com\/wp-content\/uploads\/2025\/10\/cropped-logo-fondo-claudia-cruzado-1-1.png\",\"width\":1080,\"height\":373,\"caption\":\"Claudia Cruzado\"},\"image\":{\"@id\":\"https:\/\/ccviolenciaeigualdad.com\/#\/schema\/logo\/image\/\"}}]}<\/script>\n<!-- \/ Yoast SEO plugin. -->","yoast_head_json":{"title":"Aviso Legal - Claudia Cruzado","robots":{"index":"index","follow":"follow","max-snippet":"max-snippet:-1","max-image-preview":"max-image-preview:large","max-video-preview":"max-video-preview:-1"},"canonical":"https:\/\/ccviolenciaeigualdad.com\/fr\/aviso-legal\/","og_locale":"fr_FR","og_type":"article","og_title":"Aviso Legal - Claudia Cruzado","og_description":"Aviso Legal\u200b Aviso Legal Pol\u00edtica de Privacidad Pol\u00edtica de Cookies Declaraci\u00f3n de accesibilidad Responsable del tratamiento de los datos En cumplimiento del deber de informaci\u00f3n que establece la Ley La 34\/2002, de 11 de julio, de Servicios de la Sociedad de la Informaci\u00f3n y del Comercio Electr\u00f3nico, le comunicamos que esta web es titularidad de: [&hellip;]","og_url":"https:\/\/ccviolenciaeigualdad.com\/fr\/aviso-legal\/","og_site_name":"Claudia Cruzado","article_modified_time":"2024-07-30T03:57:05+00:00","twitter_card":"summary_large_image","twitter_misc":{"Dur\u00e9e de lecture estim\u00e9e":"6 minutes"},"schema":{"@context":"https:\/\/schema.org","@graph":[{"@type":"WebPage","@id":"https:\/\/ccviolenciaeigualdad.com\/aviso-legal\/","url":"https:\/\/ccviolenciaeigualdad.com\/aviso-legal\/","name":"Aviso Legal - Claudia Cruzado","isPartOf":{"@id":"https:\/\/ccviolenciaeigualdad.com\/#website"},"datePublished":"2024-07-29T21:12:52+00:00","dateModified":"2024-07-30T03:57:05+00:00","breadcrumb":{"@id":"https:\/\/ccviolenciaeigualdad.com\/aviso-legal\/#breadcrumb"},"inLanguage":"fr-FR","potentialAction":[{"@type":"ReadAction","target":["https:\/\/ccviolenciaeigualdad.com\/aviso-legal\/"]}]},{"@type":"BreadcrumbList","@id":"https:\/\/ccviolenciaeigualdad.com\/aviso-legal\/#breadcrumb","itemListElement":[{"@type":"ListItem","position":1,"name":"Home","item":"https:\/\/ccviolenciaeigualdad.com\/"},{"@type":"ListItem","position":2,"name":"Aviso Legal"}]},{"@type":"WebSite","@id":"https:\/\/ccviolenciaeigualdad.com\/#website","url":"https:\/\/ccviolenciaeigualdad.com\/","name":"Claudia Cruzado","description":"Consultante sp\u00e9cialis\u00e9e en \u00e9galit\u00e9, violence sexiste et harc\u00e8lement au travail","publisher":{"@id":"https:\/\/ccviolenciaeigualdad.com\/#organization"},"potentialAction":[{"@type":"SearchAction","target":{"@type":"EntryPoint","urlTemplate":"https:\/\/ccviolenciaeigualdad.com\/?s={search_term_string}"},"query-input":{"@type":"PropertyValueSpecification","valueRequired":true,"valueName":"search_term_string"}}],"inLanguage":"fr-FR"},{"@type":"Organization","@id":"https:\/\/ccviolenciaeigualdad.com\/#organization","name":"Claudia Cruzado","url":"https:\/\/ccviolenciaeigualdad.com\/","logo":{"@type":"ImageObject","inLanguage":"fr-FR","@id":"https:\/\/ccviolenciaeigualdad.com\/#\/schema\/logo\/image\/","url":"https:\/\/ccviolenciaeigualdad.com\/wp-content\/uploads\/2025\/10\/cropped-logo-fondo-claudia-cruzado-1-1.png","contentUrl":"https:\/\/ccviolenciaeigualdad.com\/wp-content\/uploads\/2025\/10\/cropped-logo-fondo-claudia-cruzado-1-1.png","width":1080,"height":373,"caption":"Claudia Cruzado"},"image":{"@id":"https:\/\/ccviolenciaeigualdad.com\/#\/schema\/logo\/image\/"}}]}},"_links":{"self":[{"href":"https:\/\/ccviolenciaeigualdad.com\/fr\/wp-json\/wp\/v2\/pages\/57","targetHints":{"allow":["GET"]}}],"collection":[{"href":"https:\/\/ccviolenciaeigualdad.com\/fr\/wp-json\/wp\/v2\/pages"}],"about":[{"href":"https:\/\/ccviolenciaeigualdad.com\/fr\/wp-json\/wp\/v2\/types\/page"}],"author":[{"embeddable":true,"href":"https:\/\/ccviolenciaeigualdad.com\/fr\/wp-json\/wp\/v2\/users\/2"}],"replies":[{"embeddable":true,"href":"https:\/\/ccviolenciaeigualdad.com\/fr\/wp-json\/wp\/v2\/comments?post=57"}],"version-history":[{"count":4,"href":"https:\/\/ccviolenciaeigualdad.com\/fr\/wp-json\/wp\/v2\/pages\/57\/revisions"}],"predecessor-version":[{"id":197,"href":"https:\/\/ccviolenciaeigualdad.com\/fr\/wp-json\/wp\/v2\/pages\/57\/revisions\/197"}],"wp:attachment":[{"href":"https:\/\/ccviolenciaeigualdad.com\/fr\/wp-json\/wp\/v2\/media?parent=57"}],"curies":[{"name":"wp","href":"https:\/\/api.w.org\/{rel}","templated":true}]}}