{"id":57,"date":"2024-07-29T21:12:52","date_gmt":"2024-07-29T21:12:52","guid":{"rendered":"https:\/\/ccviolenciaeigualdad.com\/?page_id=57"},"modified":"2024-07-30T03:57:05","modified_gmt":"2024-07-30T03:57:05","slug":"aviso-legal","status":"publish","type":"page","link":"https:\/\/ccviolenciaeigualdad.com\/en\/aviso-legal\/","title":{"rendered":"Legal Notice"},"content":{"rendered":"<div data-elementor-type=\"wp-page\" data-elementor-id=\"57\" class=\"elementor elementor-57\" data-elementor-post-type=\"page\">\n\t\t\t\t<div class=\"elementor-element elementor-element-37262a3a e-flex e-con-boxed e-con e-parent\" data-id=\"37262a3a\" data-element_type=\"container\" data-settings=\"{&quot;background_background&quot;:&quot;classic&quot;}\">\n\t\t\t\t\t<div class=\"e-con-inner\">\n\t\t\t\t<div class=\"elementor-element elementor-element-56007bec elementor-widget elementor-widget-heading\" data-id=\"56007bec\" data-element_type=\"widget\" data-widget_type=\"heading.default\">\n\t\t\t\t<div class=\"elementor-widget-container\">\n\t\t\t\t\t<h1 class=\"elementor-heading-title elementor-size-default\">Legal Notice<\/h1>\t\t\t\t<\/div>\n\t\t\t\t<\/div>\n\t\t\t\t\t<\/div>\n\t\t\t\t<\/div>\n\t\t<div class=\"elementor-element elementor-element-315d61d7 e-flex e-con-boxed e-con e-parent\" data-id=\"315d61d7\" data-element_type=\"container\">\n\t\t\t\t\t<div class=\"e-con-inner\">\n\t\t<div class=\"elementor-element elementor-element-7ff28e7a e-con-full e-flex e-con e-child\" data-id=\"7ff28e7a\" data-element_type=\"container\">\n\t\t<div class=\"elementor-element elementor-element-4c38325f e-con-full e-flex e-con e-child\" data-id=\"4c38325f\" data-element_type=\"container\" data-settings=\"{&quot;sticky&quot;:&quot;top&quot;,&quot;sticky_parent&quot;:&quot;yes&quot;,&quot;sticky_offset&quot;:150,&quot;sticky_on&quot;:[&quot;desktop&quot;,&quot;tablet&quot;,&quot;mobile&quot;],&quot;sticky_effects_offset&quot;:0,&quot;sticky_anchor_link_offset&quot;:0}\">\n\t\t\t\t<div class=\"elementor-element elementor-element-3d781e8 elementor-widget elementor-widget-heading\" data-id=\"3d781e8\" data-element_type=\"widget\" data-widget_type=\"heading.default\">\n\t\t\t\t<div class=\"elementor-widget-container\">\n\t\t\t\t\t<div class=\"elementor-heading-title elementor-size-default\">Legal Notice<\/div>\t\t\t\t<\/div>\n\t\t\t\t<\/div>\n\t\t\t\t<div class=\"elementor-element elementor-element-3b6a2c61 elementor-widget elementor-widget-heading\" data-id=\"3b6a2c61\" data-element_type=\"widget\" data-widget_type=\"heading.default\">\n\t\t\t\t<div class=\"elementor-widget-container\">\n\t\t\t\t\t<div class=\"elementor-heading-title elementor-size-default\"><a href=\"https:\/\/ccviolenciaeigualdad.com\/en\/politica-de-privacidad\/\">Privacy Policy<\/a><\/div>\t\t\t\t<\/div>\n\t\t\t\t<\/div>\n\t\t\t\t<div class=\"elementor-element elementor-element-15e14258 elementor-widget elementor-widget-heading\" data-id=\"15e14258\" data-element_type=\"widget\" data-widget_type=\"heading.default\">\n\t\t\t\t<div class=\"elementor-widget-container\">\n\t\t\t\t\t<div class=\"elementor-heading-title elementor-size-default\"><a href=\"https:\/\/ccviolenciaeigualdad.com\/en\/politicas-de-cookies\/\">Cookie Policy<\/a><\/div>\t\t\t\t<\/div>\n\t\t\t\t<\/div>\n\t\t\t\t<div class=\"elementor-element elementor-element-5b537334 elementor-widget elementor-widget-heading\" data-id=\"5b537334\" data-element_type=\"widget\" data-widget_type=\"heading.default\">\n\t\t\t\t<div class=\"elementor-widget-container\">\n\t\t\t\t\t<div class=\"elementor-heading-title elementor-size-default\"><a href=\"https:\/\/ccviolenciaeigualdad.com\/en\/declaracion-de-accesibilidad\/\">Accessibility statement<\/a><\/div>\t\t\t\t<\/div>\n\t\t\t\t<\/div>\n\t\t\t\t<\/div>\n\t\t\t\t<\/div>\n\t\t<div class=\"elementor-element elementor-element-79738d2d e-flex e-con-boxed e-con e-child\" data-id=\"79738d2d\" data-element_type=\"container\">\n\t\t\t\t\t<div class=\"e-con-inner\">\n\t\t\t\t<div class=\"elementor-element elementor-element-1eea6255 elementor-widget elementor-widget-text-editor\" data-id=\"1eea6255\" data-element_type=\"widget\" data-widget_type=\"text-editor.default\">\n\t\t\t\t<div class=\"elementor-widget-container\">\n\t\t\t\t\t\t\t\t\t<h2>Data Controller<\/h2><p>In compliance with the duty to provide information established by Law 34\/2002, of July 11, on Information Society Services and Electronic Commerce, we inform you that this website is owned by:<\/p><ul><li>Web:\u00a0<\/li><li>Name:\u00a0<b><br \/><\/b><\/li><li>NIF:\u00a0<\/li><li>Address:\u00a0<\/li><li>Phone:\u00a0<\/li><li>Mail:\u00a0<\/li><\/ul><div>\u00a0<\/div><h2>Object<\/h2><p>The Data Controller makes this document available to users in order to comply with current data protection regulations, and within the context of the new regulatory framework established by Regulation (EU) 2016\/679 of the European Parliament and of the Council of 27 April 2016 on the protection of natural persons with regard to the processing of personal data and on the free movement of such data (hereinafter, the \u201cGDPR\u201d), and national regulations on the protection of personal data, as well as to inform all users of the website about the terms of use thereof.<\/p><p>Any person accessing this website assumes the role of user, committing to the observance and strict compliance with the provisions set forth herein, as well as any other applicable legal provision.<\/p><p>The Data Controller reserves the right to modify any type of information that may appear on the website, without any obligation to give prior notice or inform users of these modifications, it being understood that publication on the Data Controller&#039;s website is sufficient. .<\/p><h2>Responsibility<\/h2><p>The Data Controller disclaims all liability arising from information published on its website, provided that this information has been manipulated or entered by a third party unrelated to the Data Controller.<\/p><h2>IP Addresses<\/h2><p>The website servers will be able to automatically detect the IP address and domain name used by the user.<\/p><p>An IP address is a number automatically assigned to a computer when it connects to the Internet. All this information is recorded in a duly registered server activity log, which allows for the subsequent processing of the data to obtain purely statistical measurements that reveal the number of page impressions, the number of visits to the web servers, the order of visits, the point of access, etc.<\/p><h2>Links policy<\/h2><p>From this website, you may be redirected to content on third-party websites. Since the Data Controller cannot always control the content posted by third parties on their websites, it assumes no responsibility for such content. In any case, the Data Controller states that it will immediately remove any content that may violate national or international law, morality, or public order, and will immediately remove the redirection to this website, reporting the content in question to the appropriate authorities.<\/p><p>The Data Controller is not responsible for information and content stored, including but not limited to, forums, chats, blog generators, comments, social networks, or any other medium that allows third parties to independently publish content on the Data Controller&#039;s website. However, and in compliance with Articles 11 and 16 of the LSSICE (Spanish Law on Information Society Services and Electronic Commerce), the Data Controller makes itself available to all users, authorities, and law enforcement agencies, actively collaborating in the removal or, where appropriate, blocking of any content that may affect or contravene national or international legislation, the rights of third parties, or public morals and order. If a user believes that any content on the website may fall into this category,<\/p><p>This website has been reviewed and tested to ensure it functions correctly. In principle, its proper functioning can be guaranteed 24 hours a day, 365 days a year. However, the website owner does not rule out the possibility of programming errors or force majeure events, such as natural disasters, strikes, or similar circumstances that may prevent access to the website.<\/p><h2>Data protection<\/h2><p>The Data Controller is deeply committed to complying with current data protection regulations, and in the context of the new regulatory framework established under Regulation (EU) 2016\/679 of the European Parliament and of the Council of 27 April 2016 on the protection of natural persons with regard to the processing of personal data and on the free movement of such data (hereinafter, the GDPR), and national regulations on the protection of personal data.<\/p><p>Furthermore, the Data Controller informs that it complies with Law 34\/2002 of July 11, on Information Society Services and Electronic Commerce, and will request your consent to the processing of your data for commercial purposes at each time.<\/p><h2>Intellectual and industrial property<\/h2><p>The website, including but not limited to its programming, editing, compilation and other elements necessary for its operation, the designs, logos, text and\/or graphics are the property of the Responsible Party or, where applicable, have a license or express authorization from the authors.<\/p><p>All website content is duly protected by intellectual and industrial property regulations.<\/p><p>Regardless of their intended purpose, the total or partial reproduction, use, exploitation, distribution, and commercialization of these materials requires prior written authorization from the Data Controller. Any use not previously authorized by the Data Controller will be considered a serious infringement of the author&#039;s intellectual or industrial property rights.<\/p><p>Designs, logos, text, and\/or graphics belonging to third parties that may appear on the website are the property of their respective owners, who are solely responsible for any disputes that may arise concerning them. In any case, the Data Controller has obtained the express prior authorization of said owners.<\/p><p>The Controller expressly authorizes third parties to redirect directly to specific content on the website, and in any case must redirect to the Controller&#039;s main website page.<\/p><p>The Controller acknowledges the corresponding intellectual and industrial property rights of their owners, and their mere mention or appearance on the website does not imply the existence of rights or responsibility of the Controller over them, nor support, sponsorship or recommendation by them.<\/p><p>For all images where the design software allows it, the corresponding references to authorship and the corresponding license have been included.<\/p><p>To report any suspected infringements of intellectual or industrial property rights, or any issues with the website&#039;s content, please use the following email address:\u00a0<\/p>\t\t\t\t\t\t\t\t<\/div>\n\t\t\t\t<\/div>\n\t\t\t\t\t<\/div>\n\t\t\t\t<\/div>\n\t\t\t\t\t<\/div>\n\t\t\t\t<\/div>\n\t\t\t\t<\/div>","protected":false},"excerpt":{"rendered":"<p>Aviso Legal\u200b Aviso Legal Pol\u00edtica de Privacidad Pol\u00edtica de Cookies Declaraci\u00f3n de accesibilidad Responsable del tratamiento de los datos En cumplimiento del deber de informaci\u00f3n que establece la Ley La 34\/2002, de 11 de julio, de Servicios de la Sociedad de la Informaci\u00f3n y del Comercio Electr\u00f3nico, le comunicamos que esta web es titularidad de: [&hellip;]<\/p>","protected":false},"author":2,"featured_media":0,"parent":0,"menu_order":0,"comment_status":"closed","ping_status":"closed","template":"","meta":{"footnotes":""},"class_list":["post-57","page","type-page","status-publish","hentry"],"yoast_head":"<!-- This site is optimized with the Yoast SEO plugin v26.3 - https:\/\/yoast.com\/wordpress\/plugins\/seo\/ -->\n<title>Aviso Legal - Claudia Cruzado<\/title>\n<meta name=\"robots\" content=\"index, follow, max-snippet:-1, max-image-preview:large, max-video-preview:-1\" \/>\n<link rel=\"canonical\" href=\"https:\/\/ccviolenciaeigualdad.com\/en\/aviso-legal\/\" \/>\n<meta property=\"og:locale\" content=\"en_GB\" \/>\n<meta property=\"og:type\" content=\"article\" \/>\n<meta property=\"og:title\" content=\"Aviso Legal - Claudia Cruzado\" \/>\n<meta property=\"og:description\" content=\"Aviso Legal\u200b Aviso Legal Pol\u00edtica de Privacidad Pol\u00edtica de Cookies Declaraci\u00f3n de accesibilidad Responsable del tratamiento de los datos En cumplimiento del deber de informaci\u00f3n que establece la Ley La 34\/2002, de 11 de julio, de Servicios de la Sociedad de la Informaci\u00f3n y del Comercio Electr\u00f3nico, le comunicamos que esta web es titularidad de: [&hellip;]\" \/>\n<meta property=\"og:url\" content=\"https:\/\/ccviolenciaeigualdad.com\/en\/aviso-legal\/\" \/>\n<meta property=\"og:site_name\" content=\"Claudia Cruzado\" \/>\n<meta property=\"article:modified_time\" content=\"2024-07-30T03:57:05+00:00\" \/>\n<meta name=\"twitter:card\" content=\"summary_large_image\" \/>\n<meta name=\"twitter:label1\" content=\"Estimated reading time\" \/>\n\t<meta name=\"twitter:data1\" content=\"6 minutes\" \/>\n<script type=\"application\/ld+json\" class=\"yoast-schema-graph\">{\"@context\":\"https:\/\/schema.org\",\"@graph\":[{\"@type\":\"WebPage\",\"@id\":\"https:\/\/ccviolenciaeigualdad.com\/aviso-legal\/\",\"url\":\"https:\/\/ccviolenciaeigualdad.com\/aviso-legal\/\",\"name\":\"Aviso Legal - Claudia Cruzado\",\"isPartOf\":{\"@id\":\"https:\/\/ccviolenciaeigualdad.com\/#website\"},\"datePublished\":\"2024-07-29T21:12:52+00:00\",\"dateModified\":\"2024-07-30T03:57:05+00:00\",\"breadcrumb\":{\"@id\":\"https:\/\/ccviolenciaeigualdad.com\/aviso-legal\/#breadcrumb\"},\"inLanguage\":\"en-GB\",\"potentialAction\":[{\"@type\":\"ReadAction\",\"target\":[\"https:\/\/ccviolenciaeigualdad.com\/aviso-legal\/\"]}]},{\"@type\":\"BreadcrumbList\",\"@id\":\"https:\/\/ccviolenciaeigualdad.com\/aviso-legal\/#breadcrumb\",\"itemListElement\":[{\"@type\":\"ListItem\",\"position\":1,\"name\":\"Home\",\"item\":\"https:\/\/ccviolenciaeigualdad.com\/\"},{\"@type\":\"ListItem\",\"position\":2,\"name\":\"Aviso Legal\"}]},{\"@type\":\"WebSite\",\"@id\":\"https:\/\/ccviolenciaeigualdad.com\/#website\",\"url\":\"https:\/\/ccviolenciaeigualdad.com\/\",\"name\":\"Claudia Cruzado\",\"description\":\"Consultora especializada en igualdad, violencia de g\u00e9nero y acoso laboral\",\"publisher\":{\"@id\":\"https:\/\/ccviolenciaeigualdad.com\/#organization\"},\"potentialAction\":[{\"@type\":\"SearchAction\",\"target\":{\"@type\":\"EntryPoint\",\"urlTemplate\":\"https:\/\/ccviolenciaeigualdad.com\/?s={search_term_string}\"},\"query-input\":{\"@type\":\"PropertyValueSpecification\",\"valueRequired\":true,\"valueName\":\"search_term_string\"}}],\"inLanguage\":\"en-GB\"},{\"@type\":\"Organization\",\"@id\":\"https:\/\/ccviolenciaeigualdad.com\/#organization\",\"name\":\"Claudia Cruzado\",\"url\":\"https:\/\/ccviolenciaeigualdad.com\/\",\"logo\":{\"@type\":\"ImageObject\",\"inLanguage\":\"en-GB\",\"@id\":\"https:\/\/ccviolenciaeigualdad.com\/#\/schema\/logo\/image\/\",\"url\":\"https:\/\/ccviolenciaeigualdad.com\/wp-content\/uploads\/2025\/10\/cropped-logo-fondo-claudia-cruzado-1-1.png\",\"contentUrl\":\"https:\/\/ccviolenciaeigualdad.com\/wp-content\/uploads\/2025\/10\/cropped-logo-fondo-claudia-cruzado-1-1.png\",\"width\":1080,\"height\":373,\"caption\":\"Claudia Cruzado\"},\"image\":{\"@id\":\"https:\/\/ccviolenciaeigualdad.com\/#\/schema\/logo\/image\/\"}}]}<\/script>\n<!-- \/ Yoast SEO plugin. -->","yoast_head_json":{"title":"Aviso Legal - Claudia Cruzado","robots":{"index":"index","follow":"follow","max-snippet":"max-snippet:-1","max-image-preview":"max-image-preview:large","max-video-preview":"max-video-preview:-1"},"canonical":"https:\/\/ccviolenciaeigualdad.com\/en\/aviso-legal\/","og_locale":"en_GB","og_type":"article","og_title":"Aviso Legal - Claudia Cruzado","og_description":"Aviso Legal\u200b Aviso Legal Pol\u00edtica de Privacidad Pol\u00edtica de Cookies Declaraci\u00f3n de accesibilidad Responsable del tratamiento de los datos En cumplimiento del deber de informaci\u00f3n que establece la Ley La 34\/2002, de 11 de julio, de Servicios de la Sociedad de la Informaci\u00f3n y del Comercio Electr\u00f3nico, le comunicamos que esta web es titularidad de: [&hellip;]","og_url":"https:\/\/ccviolenciaeigualdad.com\/en\/aviso-legal\/","og_site_name":"Claudia Cruzado","article_modified_time":"2024-07-30T03:57:05+00:00","twitter_card":"summary_large_image","twitter_misc":{"Estimated reading time":"6 minutes"},"schema":{"@context":"https:\/\/schema.org","@graph":[{"@type":"WebPage","@id":"https:\/\/ccviolenciaeigualdad.com\/aviso-legal\/","url":"https:\/\/ccviolenciaeigualdad.com\/aviso-legal\/","name":"Aviso Legal - Claudia Cruzado","isPartOf":{"@id":"https:\/\/ccviolenciaeigualdad.com\/#website"},"datePublished":"2024-07-29T21:12:52+00:00","dateModified":"2024-07-30T03:57:05+00:00","breadcrumb":{"@id":"https:\/\/ccviolenciaeigualdad.com\/aviso-legal\/#breadcrumb"},"inLanguage":"en-GB","potentialAction":[{"@type":"ReadAction","target":["https:\/\/ccviolenciaeigualdad.com\/aviso-legal\/"]}]},{"@type":"BreadcrumbList","@id":"https:\/\/ccviolenciaeigualdad.com\/aviso-legal\/#breadcrumb","itemListElement":[{"@type":"ListItem","position":1,"name":"Home","item":"https:\/\/ccviolenciaeigualdad.com\/"},{"@type":"ListItem","position":2,"name":"Aviso Legal"}]},{"@type":"WebSite","@id":"https:\/\/ccviolenciaeigualdad.com\/#website","url":"https:\/\/ccviolenciaeigualdad.com\/","name":"Claudia Cruzado","description":"Consultant specializing in equality, gender violence, and workplace harassment","publisher":{"@id":"https:\/\/ccviolenciaeigualdad.com\/#organization"},"potentialAction":[{"@type":"SearchAction","target":{"@type":"EntryPoint","urlTemplate":"https:\/\/ccviolenciaeigualdad.com\/?s={search_term_string}"},"query-input":{"@type":"PropertyValueSpecification","valueRequired":true,"valueName":"search_term_string"}}],"inLanguage":"en-GB"},{"@type":"Organization","@id":"https:\/\/ccviolenciaeigualdad.com\/#organization","name":"Claudia Cruzado","url":"https:\/\/ccviolenciaeigualdad.com\/","logo":{"@type":"ImageObject","inLanguage":"en-GB","@id":"https:\/\/ccviolenciaeigualdad.com\/#\/schema\/logo\/image\/","url":"https:\/\/ccviolenciaeigualdad.com\/wp-content\/uploads\/2025\/10\/cropped-logo-fondo-claudia-cruzado-1-1.png","contentUrl":"https:\/\/ccviolenciaeigualdad.com\/wp-content\/uploads\/2025\/10\/cropped-logo-fondo-claudia-cruzado-1-1.png","width":1080,"height":373,"caption":"Claudia Cruzado"},"image":{"@id":"https:\/\/ccviolenciaeigualdad.com\/#\/schema\/logo\/image\/"}}]}},"_links":{"self":[{"href":"https:\/\/ccviolenciaeigualdad.com\/en\/wp-json\/wp\/v2\/pages\/57","targetHints":{"allow":["GET"]}}],"collection":[{"href":"https:\/\/ccviolenciaeigualdad.com\/en\/wp-json\/wp\/v2\/pages"}],"about":[{"href":"https:\/\/ccviolenciaeigualdad.com\/en\/wp-json\/wp\/v2\/types\/page"}],"author":[{"embeddable":true,"href":"https:\/\/ccviolenciaeigualdad.com\/en\/wp-json\/wp\/v2\/users\/2"}],"replies":[{"embeddable":true,"href":"https:\/\/ccviolenciaeigualdad.com\/en\/wp-json\/wp\/v2\/comments?post=57"}],"version-history":[{"count":4,"href":"https:\/\/ccviolenciaeigualdad.com\/en\/wp-json\/wp\/v2\/pages\/57\/revisions"}],"predecessor-version":[{"id":197,"href":"https:\/\/ccviolenciaeigualdad.com\/en\/wp-json\/wp\/v2\/pages\/57\/revisions\/197"}],"wp:attachment":[{"href":"https:\/\/ccviolenciaeigualdad.com\/en\/wp-json\/wp\/v2\/media?parent=57"}],"curies":[{"name":"wp","href":"https:\/\/api.w.org\/{rel}","templated":true}]}}