{"id":47,"date":"2024-07-29T21:11:43","date_gmt":"2024-07-29T21:11:43","guid":{"rendered":"https:\/\/ccviolenciaeigualdad.com\/?page_id=47"},"modified":"2024-10-08T07:07:05","modified_gmt":"2024-10-08T07:07:05","slug":"claudia-cruzado","status":"publish","type":"page","link":"https:\/\/ccviolenciaeigualdad.com\/ca\/claudia-cruzado\/","title":{"rendered":"Claudia Creuat"},"content":{"rendered":"<div data-elementor-type=\"wp-page\" data-elementor-id=\"47\" class=\"elementor elementor-47\" data-elementor-post-type=\"page\">\n\t\t\t\t<div class=\"elementor-element elementor-element-b4c5df6 e-flex e-con-boxed e-con e-parent\" data-id=\"b4c5df6\" data-element_type=\"container\" data-settings=\"{&quot;background_background&quot;:&quot;classic&quot;}\">\n\t\t\t\t\t<div class=\"e-con-inner\">\n\t\t<div class=\"elementor-element elementor-element-7a123a9 e-con-full e-flex e-con e-child\" data-id=\"7a123a9\" data-element_type=\"container\">\n\t\t\t\t<div class=\"elementor-element elementor-element-07c8e79 elementor-widget elementor-widget-heading\" data-id=\"07c8e79\" data-element_type=\"widget\" data-widget_type=\"heading.default\">\n\t\t\t\t<div class=\"elementor-widget-container\">\n\t\t\t\t\t<h2 class=\"elementor-heading-title elementor-size-default\">Claudia Creuat<\/h2>\t\t\t\t<\/div>\n\t\t\t\t<\/div>\n\t\t\t\t<\/div>\n\t\t\t\t\t<\/div>\n\t\t\t\t<\/div>\n\t\t<div class=\"elementor-element elementor-element-1f38c6a e-flex e-con-boxed e-con e-parent\" data-id=\"1f38c6a\" data-element_type=\"container\">\n\t\t\t\t\t<div class=\"e-con-inner\">\n\t\t<div class=\"elementor-element elementor-element-4ab400a e-con-full e-flex e-con e-child\" data-id=\"4ab400a\" data-element_type=\"container\">\n\t\t\t\t<div class=\"elementor-element elementor-element-3a3bced elementor-widget elementor-widget-heading\" data-id=\"3a3bced\" data-element_type=\"widget\" data-widget_type=\"heading.default\">\n\t\t\t\t<div class=\"elementor-widget-container\">\n\t\t\t\t\t<h2 class=\"elementor-heading-title elementor-size-default\">Claudia Cruzado, consultora especialitzada en igualtat, viol\u00e8ncia de g\u00e8nere i assetjament laboral<\/h2>\t\t\t\t<\/div>\n\t\t\t\t<\/div>\n\t\t\t\t<div class=\"elementor-element elementor-element-62b1e02 elementor-widget elementor-widget-text-editor\" data-id=\"62b1e02\" data-element_type=\"widget\" data-widget_type=\"text-editor.default\">\n\t\t\t\t<div class=\"elementor-widget-container\">\n\t\t\t\t\t\t\t\t\t<p>Claudia Cruzado \u00e9s una consultora dedicada a l&#039;assessorament i la formaci\u00f3 d&#039;entitats privades, \u00f2rgans de l&#039;Administraci\u00f3 P\u00fablica i entitats sense \u00e0nim de lucre. Llicenciada en dret per la UNED i amb una formaci\u00f3 especialitzada en igualtat, viol\u00e8ncia de g\u00e8nere i assetjament laboral.<\/p><p>La meva missi\u00f3 \u00e9s promoure la igualtat d&#039;oportunitats entre dones i homes i aconseguir una veritable conciliaci\u00f3 de la vida laboral, personal i familiar a nivell empresarial i quotidi\u00e0. \u00c9s necessari el respecte entre els \u00e9ssers humans i buscar l&#039;equitat a la vida.<\/p>\t\t\t\t\t\t\t\t<\/div>\n\t\t\t\t<\/div>\n\t\t\t\t<\/div>\n\t\t<div class=\"elementor-element elementor-element-d76b231 e-con-full e-flex e-con e-child\" data-id=\"d76b231\" data-element_type=\"container\">\n\t\t\t\t<div class=\"elementor-element elementor-element-c15ff2e elementor-widget elementor-widget-image\" data-id=\"c15ff2e\" data-element_type=\"widget\" data-widget_type=\"image.default\">\n\t\t\t\t<div class=\"elementor-widget-container\">\n\t\t\t\t\t\t\t\t\t\t\t\t\t\t\t<img fetchpriority=\"high\" decoding=\"async\" width=\"573\" height=\"671\" src=\"https:\/\/ccviolenciaeigualdad.com\/wp-content\/uploads\/2024\/10\/imagen_2024-10-08_090552724.jpg\" class=\"attachment-full size-full wp-image-380\" alt=\"\" srcset=\"https:\/\/ccviolenciaeigualdad.com\/wp-content\/uploads\/2024\/10\/imagen_2024-10-08_090552724.jpg 573w, https:\/\/ccviolenciaeigualdad.com\/wp-content\/uploads\/2024\/10\/imagen_2024-10-08_090552724-256x300.jpg 256w, https:\/\/ccviolenciaeigualdad.com\/wp-content\/uploads\/2024\/10\/imagen_2024-10-08_090552724-10x12.jpg 10w\" sizes=\"(max-width: 573px) 100vw, 573px\" \/>\t\t\t\t\t\t\t\t\t\t\t\t\t\t\t<\/div>\n\t\t\t\t<\/div>\n\t\t\t\t<\/div>\n\t\t\t\t\t<\/div>\n\t\t\t\t<\/div>\n\t\t<div class=\"elementor-element elementor-element-0b3d141 e-flex e-con-boxed e-con e-parent\" data-id=\"0b3d141\" data-element_type=\"container\" data-settings=\"{&quot;background_background&quot;:&quot;classic&quot;}\">\n\t\t\t\t\t<div class=\"e-con-inner\">\n\t\t<div class=\"elementor-element elementor-element-b2fc9ce e-con-full e-flex e-con e-child\" data-id=\"b2fc9ce\" data-element_type=\"container\">\n\t\t\t\t<div class=\"elementor-element elementor-element-978641e elementor-widget elementor-widget-image\" data-id=\"978641e\" data-element_type=\"widget\" data-widget_type=\"image.default\">\n\t\t\t\t<div class=\"elementor-widget-container\">\n\t\t\t\t\t\t\t\t\t\t\t\t\t\t\t<img decoding=\"async\" width=\"1920\" height=\"1080\" src=\"https:\/\/ccviolenciaeigualdad.com\/wp-content\/uploads\/2024\/07\/5-3.jpg\" class=\"attachment-full size-full wp-image-83\" alt=\"\" srcset=\"https:\/\/ccviolenciaeigualdad.com\/wp-content\/uploads\/2024\/07\/5-3.jpg 1920w, https:\/\/ccviolenciaeigualdad.com\/wp-content\/uploads\/2024\/07\/5-3-300x169.jpg 300w, https:\/\/ccviolenciaeigualdad.com\/wp-content\/uploads\/2024\/07\/5-3-1024x576.jpg 1024w, https:\/\/ccviolenciaeigualdad.com\/wp-content\/uploads\/2024\/07\/5-3-768x432.jpg 768w, https:\/\/ccviolenciaeigualdad.com\/wp-content\/uploads\/2024\/07\/5-3-1536x864.jpg 1536w\" sizes=\"(max-width: 1920px) 100vw, 1920px\" \/>\t\t\t\t\t\t\t\t\t\t\t\t\t\t\t<\/div>\n\t\t\t\t<\/div>\n\t\t\t\t<\/div>\n\t\t<div class=\"elementor-element elementor-element-1f2fd40 e-con-full e-flex e-con e-child\" data-id=\"1f2fd40\" data-element_type=\"container\">\n\t\t\t\t<div class=\"elementor-element elementor-element-7bd4c79 elementor-widget elementor-widget-heading\" data-id=\"7bd4c79\" data-element_type=\"widget\" data-widget_type=\"heading.default\">\n\t\t\t\t<div class=\"elementor-widget-container\">\n\t\t\t\t\t<h2 class=\"elementor-heading-title elementor-size-default\">La meva experi\u00e8ncia<\/h2>\t\t\t\t<\/div>\n\t\t\t\t<\/div>\n\t\t\t\t<div class=\"elementor-element elementor-element-11a82ce elementor-widget elementor-widget-text-editor\" data-id=\"11a82ce\" data-element_type=\"widget\" data-widget_type=\"text-editor.default\">\n\t\t\t\t<div class=\"elementor-widget-container\">\n\t\t\t\t\t\t\t\t\t<p>Amb m\u00e9s de 15 anys d&#039;experi\u00e8ncia en Contractaci\u00f3 P\u00fablica a empreses multinacionals, he viscut en primera persona diferents tipus de discriminaci\u00f3 per ser dona. Aquesta experi\u00e8ncia m&#039;ha motivat a dedicar-me plenament a la lluita per la igualtat i la just\u00edcia. Ofereixo solucions adaptades a mida mitjan\u00e7ant una assessoria especialitzada, basada en el meu profund coneixement del sector i de la normativa tecnicojur\u00eddica que el regula. El meu objectiu \u00e9s proporcionar eines pr\u00e0ctiques i estrat\u00e8gies efectives per promoure entorns m\u00e9s justos i equitatius.\u00a0<\/p>\t\t\t\t\t\t\t\t<\/div>\n\t\t\t\t<\/div>\n\t\t\t\t<\/div>\n\t\t\t\t\t<\/div>\n\t\t\t\t<\/div>\n\t\t\t\t<\/div>","protected":false},"excerpt":{"rendered":"<p>Claudia Cruzado Claudia Cruzado, consultora especializada en igualdad, violencia de g\u00e9nero y acoso laboral Claudia Cruzado es una consultora dedicada al asesoramiento y formaci\u00f3n de entidades privadas, \u00f3rganos de la Administraci\u00f3n P\u00fablica y entidades sin \u00e1nimo de lucro. Licenciada en Derecho por la UNED y con una formaci\u00f3n especializada en igualdad, violencia de g\u00e9nero y [&hellip;]<\/p>","protected":false},"author":2,"featured_media":0,"parent":0,"menu_order":0,"comment_status":"closed","ping_status":"closed","template":"","meta":{"footnotes":""},"class_list":["post-47","page","type-page","status-publish","hentry"],"yoast_head":"<!-- This site is optimized with the Yoast SEO plugin v26.3 - https:\/\/yoast.com\/wordpress\/plugins\/seo\/ -->\n<title>Sobre m\u00ed - Claudia Cruzado<\/title>\n<meta name=\"robots\" content=\"index, follow, max-snippet:-1, max-image-preview:large, max-video-preview:-1\" \/>\n<link rel=\"canonical\" href=\"https:\/\/ccviolenciaeigualdad.com\/ca\/claudia-cruzado\/\" \/>\n<meta property=\"og:locale\" content=\"ca_ES\" \/>\n<meta property=\"og:type\" content=\"article\" \/>\n<meta property=\"og:title\" content=\"Sobre m\u00ed - Claudia Cruzado\" \/>\n<meta property=\"og:description\" content=\"Claudia Cruzado Claudia Cruzado, consultora especializada en igualdad, violencia de g\u00e9nero y acoso laboral Claudia Cruzado es una consultora dedicada al asesoramiento y formaci\u00f3n de entidades privadas, \u00f3rganos de la Administraci\u00f3n P\u00fablica y entidades sin \u00e1nimo de lucro. Licenciada en Derecho por la UNED y con una formaci\u00f3n especializada en igualdad, violencia de g\u00e9nero y [&hellip;]\" \/>\n<meta property=\"og:url\" content=\"https:\/\/ccviolenciaeigualdad.com\/ca\/claudia-cruzado\/\" \/>\n<meta property=\"og:site_name\" content=\"Claudia Cruzado\" \/>\n<meta property=\"article:modified_time\" content=\"2024-10-08T07:07:05+00:00\" \/>\n<meta property=\"og:image\" content=\"https:\/\/ccviolenciaeigualdad.com\/wp-content\/uploads\/2024\/10\/imagen_2024-10-08_090552724.jpg\" \/>\n<meta name=\"twitter:card\" content=\"summary_large_image\" \/>\n<meta name=\"twitter:label1\" content=\"Temps estimat de lectura\" \/>\n\t<meta name=\"twitter:data1\" content=\"2 minuts\" \/>\n<script type=\"application\/ld+json\" class=\"yoast-schema-graph\">{\"@context\":\"https:\/\/schema.org\",\"@graph\":[{\"@type\":\"WebPage\",\"@id\":\"https:\/\/ccviolenciaeigualdad.com\/claudia-cruzado\/\",\"url\":\"https:\/\/ccviolenciaeigualdad.com\/claudia-cruzado\/\",\"name\":\"Sobre m\u00ed - Claudia Cruzado\",\"isPartOf\":{\"@id\":\"https:\/\/ccviolenciaeigualdad.com\/#website\"},\"primaryImageOfPage\":{\"@id\":\"https:\/\/ccviolenciaeigualdad.com\/claudia-cruzado\/#primaryimage\"},\"image\":{\"@id\":\"https:\/\/ccviolenciaeigualdad.com\/claudia-cruzado\/#primaryimage\"},\"thumbnailUrl\":\"https:\/\/ccviolenciaeigualdad.com\/wp-content\/uploads\/2024\/10\/imagen_2024-10-08_090552724.jpg\",\"datePublished\":\"2024-07-29T21:11:43+00:00\",\"dateModified\":\"2024-10-08T07:07:05+00:00\",\"breadcrumb\":{\"@id\":\"https:\/\/ccviolenciaeigualdad.com\/claudia-cruzado\/#breadcrumb\"},\"inLanguage\":\"ca\",\"potentialAction\":[{\"@type\":\"ReadAction\",\"target\":[\"https:\/\/ccviolenciaeigualdad.com\/claudia-cruzado\/\"]}]},{\"@type\":\"ImageObject\",\"inLanguage\":\"ca\",\"@id\":\"https:\/\/ccviolenciaeigualdad.com\/claudia-cruzado\/#primaryimage\",\"url\":\"https:\/\/ccviolenciaeigualdad.com\/wp-content\/uploads\/2024\/10\/imagen_2024-10-08_090552724.jpg\",\"contentUrl\":\"https:\/\/ccviolenciaeigualdad.com\/wp-content\/uploads\/2024\/10\/imagen_2024-10-08_090552724.jpg\"},{\"@type\":\"BreadcrumbList\",\"@id\":\"https:\/\/ccviolenciaeigualdad.com\/claudia-cruzado\/#breadcrumb\",\"itemListElement\":[{\"@type\":\"ListItem\",\"position\":1,\"name\":\"Home\",\"item\":\"https:\/\/ccviolenciaeigualdad.com\/\"},{\"@type\":\"ListItem\",\"position\":2,\"name\":\"Claudia Cruzado\"}]},{\"@type\":\"WebSite\",\"@id\":\"https:\/\/ccviolenciaeigualdad.com\/#website\",\"url\":\"https:\/\/ccviolenciaeigualdad.com\/\",\"name\":\"Claudia Cruzado\",\"description\":\"Consultora especializada en igualdad, violencia de g\u00e9nero y acoso laboral\",\"publisher\":{\"@id\":\"https:\/\/ccviolenciaeigualdad.com\/#organization\"},\"potentialAction\":[{\"@type\":\"SearchAction\",\"target\":{\"@type\":\"EntryPoint\",\"urlTemplate\":\"https:\/\/ccviolenciaeigualdad.com\/?s={search_term_string}\"},\"query-input\":{\"@type\":\"PropertyValueSpecification\",\"valueRequired\":true,\"valueName\":\"search_term_string\"}}],\"inLanguage\":\"ca\"},{\"@type\":\"Organization\",\"@id\":\"https:\/\/ccviolenciaeigualdad.com\/#organization\",\"name\":\"Claudia Cruzado\",\"url\":\"https:\/\/ccviolenciaeigualdad.com\/\",\"logo\":{\"@type\":\"ImageObject\",\"inLanguage\":\"ca\",\"@id\":\"https:\/\/ccviolenciaeigualdad.com\/#\/schema\/logo\/image\/\",\"url\":\"https:\/\/ccviolenciaeigualdad.com\/wp-content\/uploads\/2025\/10\/cropped-logo-fondo-claudia-cruzado-1-1.png\",\"contentUrl\":\"https:\/\/ccviolenciaeigualdad.com\/wp-content\/uploads\/2025\/10\/cropped-logo-fondo-claudia-cruzado-1-1.png\",\"width\":1080,\"height\":373,\"caption\":\"Claudia Cruzado\"},\"image\":{\"@id\":\"https:\/\/ccviolenciaeigualdad.com\/#\/schema\/logo\/image\/\"}}]}<\/script>\n<!-- \/ Yoast SEO plugin. -->","yoast_head_json":{"title":"Sobre m\u00ed - Claudia Cruzado","robots":{"index":"index","follow":"follow","max-snippet":"max-snippet:-1","max-image-preview":"max-image-preview:large","max-video-preview":"max-video-preview:-1"},"canonical":"https:\/\/ccviolenciaeigualdad.com\/ca\/claudia-cruzado\/","og_locale":"ca_ES","og_type":"article","og_title":"Sobre m\u00ed - Claudia Cruzado","og_description":"Claudia Cruzado Claudia Cruzado, consultora especializada en igualdad, violencia de g\u00e9nero y acoso laboral Claudia Cruzado es una consultora dedicada al asesoramiento y formaci\u00f3n de entidades privadas, \u00f3rganos de la Administraci\u00f3n P\u00fablica y entidades sin \u00e1nimo de lucro. Licenciada en Derecho por la UNED y con una formaci\u00f3n especializada en igualdad, violencia de g\u00e9nero y [&hellip;]","og_url":"https:\/\/ccviolenciaeigualdad.com\/ca\/claudia-cruzado\/","og_site_name":"Claudia Cruzado","article_modified_time":"2024-10-08T07:07:05+00:00","og_image":[{"url":"https:\/\/ccviolenciaeigualdad.com\/wp-content\/uploads\/2024\/10\/imagen_2024-10-08_090552724.jpg","type":"","width":"","height":""}],"twitter_card":"summary_large_image","twitter_misc":{"Temps estimat de lectura":"2 minuts"},"schema":{"@context":"https:\/\/schema.org","@graph":[{"@type":"WebPage","@id":"https:\/\/ccviolenciaeigualdad.com\/claudia-cruzado\/","url":"https:\/\/ccviolenciaeigualdad.com\/claudia-cruzado\/","name":"Sobre m\u00ed - Claudia Cruzado","isPartOf":{"@id":"https:\/\/ccviolenciaeigualdad.com\/#website"},"primaryImageOfPage":{"@id":"https:\/\/ccviolenciaeigualdad.com\/claudia-cruzado\/#primaryimage"},"image":{"@id":"https:\/\/ccviolenciaeigualdad.com\/claudia-cruzado\/#primaryimage"},"thumbnailUrl":"https:\/\/ccviolenciaeigualdad.com\/wp-content\/uploads\/2024\/10\/imagen_2024-10-08_090552724.jpg","datePublished":"2024-07-29T21:11:43+00:00","dateModified":"2024-10-08T07:07:05+00:00","breadcrumb":{"@id":"https:\/\/ccviolenciaeigualdad.com\/claudia-cruzado\/#breadcrumb"},"inLanguage":"ca","potentialAction":[{"@type":"ReadAction","target":["https:\/\/ccviolenciaeigualdad.com\/claudia-cruzado\/"]}]},{"@type":"ImageObject","inLanguage":"ca","@id":"https:\/\/ccviolenciaeigualdad.com\/claudia-cruzado\/#primaryimage","url":"https:\/\/ccviolenciaeigualdad.com\/wp-content\/uploads\/2024\/10\/imagen_2024-10-08_090552724.jpg","contentUrl":"https:\/\/ccviolenciaeigualdad.com\/wp-content\/uploads\/2024\/10\/imagen_2024-10-08_090552724.jpg"},{"@type":"BreadcrumbList","@id":"https:\/\/ccviolenciaeigualdad.com\/claudia-cruzado\/#breadcrumb","itemListElement":[{"@type":"ListItem","position":1,"name":"Home","item":"https:\/\/ccviolenciaeigualdad.com\/"},{"@type":"ListItem","position":2,"name":"Claudia Cruzado"}]},{"@type":"WebSite","@id":"https:\/\/ccviolenciaeigualdad.com\/#website","url":"https:\/\/ccviolenciaeigualdad.com\/","name":"Claudia Creuat","description":"Consultora especialitzada en igualtat, viol\u00e8ncia de g\u00e8nere i assetjament laboral","publisher":{"@id":"https:\/\/ccviolenciaeigualdad.com\/#organization"},"potentialAction":[{"@type":"SearchAction","target":{"@type":"EntryPoint","urlTemplate":"https:\/\/ccviolenciaeigualdad.com\/?s={search_term_string}"},"query-input":{"@type":"PropertyValueSpecification","valueRequired":true,"valueName":"search_term_string"}}],"inLanguage":"ca"},{"@type":"Organization","@id":"https:\/\/ccviolenciaeigualdad.com\/#organization","name":"Claudia Creuat","url":"https:\/\/ccviolenciaeigualdad.com\/","logo":{"@type":"ImageObject","inLanguage":"ca","@id":"https:\/\/ccviolenciaeigualdad.com\/#\/schema\/logo\/image\/","url":"https:\/\/ccviolenciaeigualdad.com\/wp-content\/uploads\/2025\/10\/cropped-logo-fondo-claudia-cruzado-1-1.png","contentUrl":"https:\/\/ccviolenciaeigualdad.com\/wp-content\/uploads\/2025\/10\/cropped-logo-fondo-claudia-cruzado-1-1.png","width":1080,"height":373,"caption":"Claudia Cruzado"},"image":{"@id":"https:\/\/ccviolenciaeigualdad.com\/#\/schema\/logo\/image\/"}}]}},"_links":{"self":[{"href":"https:\/\/ccviolenciaeigualdad.com\/ca\/wp-json\/wp\/v2\/pages\/47","targetHints":{"allow":["GET"]}}],"collection":[{"href":"https:\/\/ccviolenciaeigualdad.com\/ca\/wp-json\/wp\/v2\/pages"}],"about":[{"href":"https:\/\/ccviolenciaeigualdad.com\/ca\/wp-json\/wp\/v2\/types\/page"}],"author":[{"embeddable":true,"href":"https:\/\/ccviolenciaeigualdad.com\/ca\/wp-json\/wp\/v2\/users\/2"}],"replies":[{"embeddable":true,"href":"https:\/\/ccviolenciaeigualdad.com\/ca\/wp-json\/wp\/v2\/comments?post=47"}],"version-history":[{"count":10,"href":"https:\/\/ccviolenciaeigualdad.com\/ca\/wp-json\/wp\/v2\/pages\/47\/revisions"}],"predecessor-version":[{"id":389,"href":"https:\/\/ccviolenciaeigualdad.com\/ca\/wp-json\/wp\/v2\/pages\/47\/revisions\/389"}],"wp:attachment":[{"href":"https:\/\/ccviolenciaeigualdad.com\/ca\/wp-json\/wp\/v2\/media?parent=47"}],"curies":[{"name":"wp","href":"https:\/\/api.w.org\/{rel}","templated":true}]}}